{"id":603,"date":"2025-11-20T14:29:01","date_gmt":"2025-11-20T14:29:01","guid":{"rendered":"https:\/\/premiolujosostenible.org\/esp\/?page_id=603"},"modified":"2025-11-25T19:49:03","modified_gmt":"2025-11-25T19:49:03","slug":"2025-2","status":"publish","type":"page","link":"https:\/\/premiolujosostenible.org\/esp\/2025-2\/","title":{"rendered":"2025"},"content":{"rendered":"<div class=\"row\">\n<div class=\"span12\">\n<div class=\"how-we-can-help-wrap\">\n<figure class=\"thumbnail alignnone clearfix\">\n<div class=\"row-fluid\">\n<div class=\"clear\"><\/div>\n<p style=\"margin: 11px\"><span style=\"font-size: 11pt; color:#000000\"><b>ARTESAN\u00cdA EN CER\u00c1MICA<\/b><\/span><\/p>\n<p style=\"margin: 11px\"><span style=\"font-size: 11pt; color:#000000\"><b>Javier Wijnants Sar\u00e1chaga (Uruguay); Obra: \u201cToros\u201d.<\/b><\/span><\/p>\n<p style=\"margin: 11px\"><span style=\"font-size: 11pt; color:#000000\">Javier Wijnants Sar\u00e1chaga dicta cursos y hace estudios de investigaci\u00f3n sobre la cer\u00e1mica en su taller \u201cNaceres\u201d. Tambi\u00e9n est\u00e1 a cargo del Seminario Opcional de Cer\u00e1mica, en la Tecnicatura en Artes de la Facultad de Artes del Centro Universitario Regional del Este (sede Rocha). Obtuvo el 1er premio Nacional de Artesan\u00eda 2023 de Uruguay. Y en 2024 tambi\u00e9n recibi\u00f3 el Premio a la Excelencia.<\/span><\/p>\n<p style=\"margin: 11px\"><span style=\"font-size: 11pt; color:#000000\">Sigue perfeccionando su t\u00e9cnica, siendo ya dos veces seleccionado para hacer la residencia Art\u00edstica en Jingdezhen (China) donde est\u00e1 la prestigiosa Universidad de Cer\u00e1mica de Jingdezhen.<\/span><\/p>\n<p style=\"margin: 11px\"><span style=\"font-size: 11pt; color:#000000\"><img decoding=\"async\" class=\"alignleft\" src=\"https:\/\/premiolujosostenible.org\/esp\/wp-content\/uploads\/2025\/11\/ganador2025-01.jpg\"><br \/>\n<iframe loading=\"lazy\" class=\"alignright\" width=\"560\" height=\"300\" src=\"https:\/\/www.youtube.com\/embed\/2JScZIdaX-I\" title=\"\" frameborder=\"0\" allow=\"accelerometer; autoplay; clipboard-write; encrypted-media; gyroscope; picture-in-picture\" allowfullscreen=\"\"><\/iframe><\/span><\/p>\n<p style=\"margin: 11px\"><span style=\"font-size: 11pt; color:#000000\">&nbsp;<\/span><\/p>\n<\/div>\n<\/figure>\n<\/div>\n<\/div>\n<\/div>\n<div class=\"row\">\n<div class=\"span12\">\n<div class=\"how-we-can-help-wrap\">\n<figure class=\"thumbnail alignnone clearfix\">\n<div class=\"row-fluid\">\n<div class=\"clear\"><\/div>\n<p style=\"margin: 11px\"><span style=\"font-size: 11pt; color:#000000\"><b>ARTESAN\u00cdA TEXTIL<\/b><\/span><\/p>\n<p style=\"margin: 11px\"><span style=\"font-size: 11pt; color:#000000\"><b>Ganadora: Ang\u00e9lica Reyes (Santiago Villa de Allende, M\u00e9xico); Obra: \u201cBlusa bordada en manta de algod\u00f3n\u201d.<\/b><\/span><\/p>\n<p style=\"margin: 11px\"><span style=\"font-size: 11pt; color:#000000\">Su mam\u00e1 le ense\u00f1o a bordar desde los seis a\u00f1os. La t\u00e9cnica de bordado utilizada pertenece a la cultura Mazahua de la localidad de San Felipe, Santiago (M\u00e9xico), la que se  transmite de generaci\u00f3n en generaci\u00f3n por milenios.<\/span><\/p>\n<p style=\"margin: 11px\"><span style=\"font-size: 11pt; color:#000000\">Ang\u00e9lica Reyes recibi\u00f3 m\u00e1s de 30 reconocimientos entre locales, nacionales e Iberoamericanos. Encuentra en el bordado la posibilidad de plasmar la naturaleza y sus sentimientos.<\/span><\/p>\n<p style=\"margin: 11px\"><span style=\"font-size: 11pt; color:#000000\"><img decoding=\"async\" class=\"alignleft\" src=\"https:\/\/premiolujosostenible.org\/esp\/wp-content\/uploads\/2025\/11\/ganador2025-02.jpg\"><br \/>\n<iframe loading=\"lazy\" class=\"alignright\" width=\"560\" height=\"300\" src=\"https:\/\/www.youtube.com\/embed\/fUnbpp6HpoE\" title=\"\" frameborder=\"0\" allow=\"accelerometer; autoplay; clipboard-write; encrypted-media; gyroscope; picture-in-picture\" allowfullscreen=\"\"><\/iframe><\/span><\/p>\n<p style=\"margin: 11px\"><span style=\"font-size: 11pt; color:#000000\">&nbsp;<\/span><\/p>\n<\/div>\n<\/figure>\n<\/div>\n<\/div>\n<\/div>\n<div class=\"row\">\n<div class=\"span12\">\n<div class=\"how-we-can-help-wrap\">\n<figure class=\"thumbnail alignnone clearfix\">\n<div class=\"row-fluid\">\n<div class=\"clear\"><\/div>\n<p style=\"margin: 11px\"><span style=\"font-size: 11pt; color:#000000\"><b>ARTESAN\u00cdA EN METAL<\/b><\/span><\/p>\n<p style=\"margin: 11px\"><span style=\"font-size: 11pt; color:#000000\"><b>Ganador: Juan Cuneo (Argentina); Obra; \u201cMate del viento\u201d.<\/b><\/span><\/p>\n<p style=\"margin: 11px\"><span style=\"font-size: 11pt; color:#000000\">Aprendi\u00f3 el oficio de sus padres tambi\u00e9n artesanos orfebres. Luego se form\u00f3 en la escuela de orfebrer\u00eda de Emilio Patarca durante cinco a\u00f1os. Actualmente es docente de la carrera de Orfebrer\u00eda en la Escuela Municipal de Artesan\u00edas de Trelew.<\/span><\/p>\n<p style=\"margin: 11px\"><span style=\"font-size: 11pt; color:#000000\">Recibi\u00f3 diversos premios y reconocimientos a nivel provincial y nacional. Como el que le otorg\u00f3 el Sal\u00f3n Celestina Currimilla de Rawson (Chubut, Argentina) o el Fondo Nacional de las Artes entre otras locales de la municipalidad de Berazategui.<\/span><\/p>\n<p style=\"margin: 11px\"><span style=\"font-size: 11pt; color:#000000\"><img decoding=\"async\" class=\"alignleft\" src=\"https:\/\/premiolujosostenible.org\/esp\/wp-content\/uploads\/2025\/11\/ganador2025-03.jpg\"><br \/>\n<iframe loading=\"lazy\" class=\"alignright\" width=\"560\" height=\"300\" src=\"https:\/\/www.youtube.com\/embed\/6e3F69ouzDc\" title=\"\" frameborder=\"0\" allow=\"accelerometer; autoplay; clipboard-write; encrypted-media; gyroscope; picture-in-picture\" allowfullscreen=\"\"><\/iframe><\/span><\/p>\n<p style=\"margin: 11px\"><span style=\"font-size: 11pt; color:#000000\">&nbsp;<\/span><\/p>\n<\/div>\n<\/figure>\n<\/div>\n<\/div>\n<\/div>\n<div class=\"row\">\n<div class=\"span12\">\n<div class=\"how-we-can-help-wrap\">\n<figure class=\"thumbnail alignnone clearfix\">\n<div class=\"row-fluid\">\n<div class=\"clear\"><\/div>\n<p style=\"margin: 11px\"><span style=\"font-size: 11pt; color:#000000\"><b>ARTESAN\u00cdA EN  METAL<\/b><\/span><\/p>\n<p style=\"margin: 11px\"><span style=\"font-size: 11pt; color:#000000\"><b>Ganador: Juan Carlos Ben\u00edtez Ju\u00e1rez (M\u00e9xico); Obra: \u201cCollar\u201d.<\/b><\/span><\/p>\n<p style=\"margin: 11px\"><span style=\"font-size: 11pt; color:#000000\">Ha sido galardonado por distintas organizaciones de plater\u00eda de M\u00e9xico a nivel local, nacional y tambi\u00e9n internacional, resultando ganador del Concurso Internacional de Joyer\u00eda en el Imaginario de la Abeja Bee 2.<\/span><\/p>\n<p style=\"margin: 11px\"><span style=\"font-size: 11pt; color:#000000\">Transmite sus conocimientos a trav\u00e9s de talleres, conferencias y mesas de di\u00e1logo en foros de universidades y escuelas de Joyer\u00eda en M\u00e9xico.<\/span><\/p>\n<p style=\"margin: 11px\"><span style=\"font-size: 11pt; color:#000000\">Su aprendizaje data desde la infancia como ayudante en talleres de plater\u00eda locales.<\/span><\/p>\n<p style=\"margin: 11px\"><span style=\"font-size: 11pt; color:#000000\"><img decoding=\"async\" class=\"alignleft\" src=\"https:\/\/premiolujosostenible.org\/esp\/wp-content\/uploads\/2025\/11\/ganador2025-04.jpg\"><br \/>\n<\/span><\/p>\n<p style=\"margin: 11px\"><span style=\"font-size: 11pt; color:#000000\">&nbsp;<\/span><\/p>\n<\/div>\n<\/figure>\n<\/div>\n<\/div>\n<\/div>\n","protected":false},"excerpt":{"rendered":"<p>ARTESAN\u00cdA EN CER\u00c1MICA Javier Wijnants Sar\u00e1chaga (Uruguay); Obra: \u201cToros\u201d. Javier Wijnants Sar\u00e1chaga dicta cursos y hace estudios de investigaci\u00f3n sobre la cer\u00e1mica en su taller \u201cNaceres\u201d. Tambi\u00e9n est\u00e1 a cargo del Seminario Opcional de Cer\u00e1mica, en la Tecnicatura en Artes de la Facultad de Artes del Centro Universitario Regional del Este (sede Rocha). Obtuvo el 1er premio Nacional de Artesan\u00eda&nbsp;<a href=\"https:\/\/premiolujosostenible.org\/esp\/2025-2\/\" class=\"read-more\">Seguir leyendo<\/a><\/p>\n","protected":false},"author":2,"featured_media":0,"parent":0,"menu_order":0,"comment_status":"closed","ping_status":"closed","template":"page-fullwidth.php","meta":{"footnotes":""},"class_list":["post-603","page","type-page","status-publish","hentry"],"_links":{"self":[{"href":"https:\/\/premiolujosostenible.org\/esp\/wp-json\/wp\/v2\/pages\/603","targetHints":{"allow":["GET"]}}],"collection":[{"href":"https:\/\/premiolujosostenible.org\/esp\/wp-json\/wp\/v2\/pages"}],"about":[{"href":"https:\/\/premiolujosostenible.org\/esp\/wp-json\/wp\/v2\/types\/page"}],"author":[{"embeddable":true,"href":"https:\/\/premiolujosostenible.org\/esp\/wp-json\/wp\/v2\/users\/2"}],"replies":[{"embeddable":true,"href":"https:\/\/premiolujosostenible.org\/esp\/wp-json\/wp\/v2\/comments?post=603"}],"version-history":[{"count":9,"href":"https:\/\/premiolujosostenible.org\/esp\/wp-json\/wp\/v2\/pages\/603\/revisions"}],"predecessor-version":[{"id":624,"href":"https:\/\/premiolujosostenible.org\/esp\/wp-json\/wp\/v2\/pages\/603\/revisions\/624"}],"wp:attachment":[{"href":"https:\/\/premiolujosostenible.org\/esp\/wp-json\/wp\/v2\/media?parent=603"}],"curies":[{"name":"wp","href":"https:\/\/api.w.org\/{rel}","templated":true}]}}