{"id":6,"date":"2017-12-19T17:48:12","date_gmt":"2017-12-19T17:48:12","guid":{"rendered":"https:\/\/premiolujosostenible.org\/esp\/?page_id=6"},"modified":"2021-04-23T12:24:35","modified_gmt":"2021-04-23T12:24:35","slug":"home","status":"publish","type":"page","link":"https:\/\/premiolujosostenible.org\/esp\/","title":{"rendered":"Home"},"content":{"rendered":"<div class=\"row\">\n<div class=\"span12\">\n<div class=\"how-we-can-help-wrap\">\n<h1><span style=\"font-size: 13pt; color:#000000\">Premio al Lujo Sostenible en Am\u00e9rica Latina<\/span><\/h1>\n<figure class=\"thumbnail alignnone clearfix\">\n<div class=\"row-fluid\">\n<div class=\"clear\"><\/div>\n<p style=\"margin: 11px\"><span style=\"font-size: 12pt; color:#000000\">El <b>\u201cPremio al Lujo Sostenible en Am\u00e9rica Latina\u201d<\/b> es una distinci\u00f3n de car\u00e1cter exclusivamente sociocultural \u2013organizado por el <a href=\"http:\/\/www.lujosustentable.org\/\" target=\"_blank\"><span style=\"color:#376092\"><b>Centro de Estudios para el Lujo Sustentable<\/b><\/span><\/a>-, cuyo prop\u00f3sito es reconocer anualmente la combinaci\u00f3n de est\u00e9tica, belleza y calidad en la artesan\u00eda en el universo del lujo en Latinoam\u00e9rica. La artesan\u00eda promueve la diversidad cultural y establece un profundo sentido de la pertenencia. Los participantes son artesanas y artesanos de Latinoam\u00e9rica que -teniendo en cuenta lo anterior- preserven la cultura y las tradiciones locales. La artesan\u00eda tiene que ver con productos realizados a mano, basados en el savoir faire de un grupo selecto de artesanos que preservan las t\u00e9cnicas tradicionales y \u00fanicas de manufactura. La artesan\u00eda es la escencia del lujo sostenible.<\/span><\/p>\n<\/div>\n<\/figure>\n<\/div>\n<\/div>\n<\/div>\n","protected":false},"excerpt":{"rendered":"<p>Premio al Lujo Sostenible en Am\u00e9rica Latina El \u201cPremio al Lujo Sostenible en Am\u00e9rica Latina\u201d es una distinci\u00f3n de car\u00e1cter exclusivamente sociocultural \u2013organizado por el Centro de Estudios para el Lujo Sustentable-, cuyo prop\u00f3sito es reconocer anualmente la combinaci\u00f3n de est\u00e9tica, belleza y calidad en la artesan\u00eda en el universo del lujo en Latinoam\u00e9rica. La artesan\u00eda promueve la diversidad cultural&nbsp;<a href=\"https:\/\/premiolujosostenible.org\/esp\/\" class=\"read-more\">Seguir leyendo<\/a><\/p>\n","protected":false},"author":2,"featured_media":0,"parent":0,"menu_order":0,"comment_status":"closed","ping_status":"closed","template":"page-home.php","meta":{"footnotes":""},"class_list":["post-6","page","type-page","status-publish","hentry"],"_links":{"self":[{"href":"https:\/\/premiolujosostenible.org\/esp\/wp-json\/wp\/v2\/pages\/6","targetHints":{"allow":["GET"]}}],"collection":[{"href":"https:\/\/premiolujosostenible.org\/esp\/wp-json\/wp\/v2\/pages"}],"about":[{"href":"https:\/\/premiolujosostenible.org\/esp\/wp-json\/wp\/v2\/types\/page"}],"author":[{"embeddable":true,"href":"https:\/\/premiolujosostenible.org\/esp\/wp-json\/wp\/v2\/users\/2"}],"replies":[{"embeddable":true,"href":"https:\/\/premiolujosostenible.org\/esp\/wp-json\/wp\/v2\/comments?post=6"}],"version-history":[{"count":14,"href":"https:\/\/premiolujosostenible.org\/esp\/wp-json\/wp\/v2\/pages\/6\/revisions"}],"predecessor-version":[{"id":387,"href":"https:\/\/premiolujosostenible.org\/esp\/wp-json\/wp\/v2\/pages\/6\/revisions\/387"}],"wp:attachment":[{"href":"https:\/\/premiolujosostenible.org\/esp\/wp-json\/wp\/v2\/media?parent=6"}],"curies":[{"name":"wp","href":"https:\/\/api.w.org\/{rel}","templated":true}]}}