{"id":571,"date":"2024-12-04T12:17:39","date_gmt":"2024-12-04T12:17:39","guid":{"rendered":"https:\/\/premiolujosostenible.org\/esp\/?page_id=571"},"modified":"2024-12-14T14:30:04","modified_gmt":"2024-12-14T14:30:04","slug":"2024-2","status":"publish","type":"page","link":"https:\/\/premiolujosostenible.org\/esp\/2024-2\/","title":{"rendered":"2024"},"content":{"rendered":"<div class=\"row\">\n<div class=\"span12\">\n<div class=\"how-we-can-help-wrap\">\n<figure class=\"thumbnail alignnone clearfix\">\n<div class=\"row-fluid\">\n<div class=\"clear\"><\/div>\n<p style=\"margin: 11px\"><span style=\"font-size: 11pt; color:#000000\"><b>ARTESAN\u00cdA EN CER\u00c1MICA<\/b><\/span><\/p>\n<p style=\"margin: 11px\"><span style=\"font-size: 11pt; color:#000000\"><b>Ganador: Luis Gutierrez, Nicaragua. Obra: Masaya linda Masaya.<\/b><\/span><\/p>\n<p style=\"margin: 11px\"><span style=\"font-size: 11pt; color:#000000\">Celebra la rica tradici\u00f3n ind\u00edgena de su pueblo, aplicando colores a base de tierra y de \u00f3xidos minerales.<\/span><\/p>\n<p style=\"margin: 11px\"><span style=\"font-size: 11pt; color:#000000\">Utiliza la t\u00e9cnica ancestral ind\u00edgena Nicoya en cer\u00e1mica, la que posee ra\u00edces precolombinas. Adem\u00e1s de su labor artesanal, Luis trabaja para mantener viva la cultura local incentivando a las nuevas generaciones a educarse y buscar oportunidades para que el arte tradicional nicarag\u00fcense sea reconocido mundialmente.<\/span><\/p>\n<p style=\"margin: 11px\"><span style=\"font-size: 11pt; color:#000000\"><img decoding=\"async\" class=\"alignleft\" src=\"https:\/\/premiolujosostenible.org\/esp\/wp-content\/uploads\/2024\/12\/ganador2024-01.jpg\"><br \/>\n<iframe loading=\"lazy\" class=\"alignright\" width=\"560\" height=\"300\" src=\"https:\/\/www.youtube.com\/embed\/ooLW3yXEBv4\" title=\"\" frameborder=\"0\" allow=\"accelerometer; autoplay; clipboard-write; encrypted-media; gyroscope; picture-in-picture\" allowfullscreen=\"\"><\/iframe><\/span><\/p>\n<p style=\"margin: 11px\"><span style=\"font-size: 11pt; color:#000000\">&nbsp;<\/span><\/p>\n<\/div>\n<\/figure>\n<\/div>\n<\/div>\n<\/div>\n<div class=\"row\">\n<div class=\"span12\">\n<div class=\"how-we-can-help-wrap\">\n<figure class=\"thumbnail alignnone clearfix\">\n<div class=\"row-fluid\">\n<div class=\"clear\"><\/div>\n<p style=\"margin: 11px\"><span style=\"font-size: 11pt; color:#000000\"><b>ARTESAN\u00cdA TEXTIL<\/b><\/span><\/p>\n<p style=\"margin: 11px\"><span style=\"font-size: 11pt; color:#000000\"><b>MENCI\u00d3N DE HONOR: Carmen V\u00e1zquez Hern\u00e1ndez, M\u00e9xico. Obra: Huipil elaborado con la t\u00e9cnica del telar de cintura, con brocados de la cosmovisi\u00f3n Tsotsil.<\/b><\/span><\/p>\n<p style=\"margin: 11px\"><span style=\"font-size: 11pt; color:#000000\">Por su labor constante en la revalorizaci\u00f3n de la cultura atrtesanal fue incluida entre las 100 mujeres m\u00e1s poderosas del 2020 en la edici\u00f3n de junio de la revista Forbes M\u00e9xico.<\/span><\/p>\n<p style=\"margin: 11px\"><span style=\"font-size: 11pt; color:#000000\">Adem\u00e1s particip\u00f3 en muestras en Jap\u00f3n, Chile, USA, India y Arabia.<\/span><\/p>\n<p style=\"margin: 11px\"><span style=\"font-size: 11pt; color:#000000\"><img decoding=\"async\" class=\"alignleft\" src=\"https:\/\/premiolujosostenible.org\/esp\/wp-content\/uploads\/2024\/12\/ganador2024-02.jpg\"><br \/>\n<iframe loading=\"lazy\" class=\"alignright\" width=\"560\" height=\"300\" src=\"https:\/\/www.youtube.com\/embed\/bGQb8hHnjqw\" title=\"\" frameborder=\"0\" allow=\"accelerometer; autoplay; clipboard-write; encrypted-media; gyroscope; picture-in-picture\" allowfullscreen=\"\"><\/iframe><\/span><\/p>\n<p style=\"margin: 11px\"><span style=\"font-size: 11pt; color:#000000\">&nbsp;<\/span><\/p>\n<\/div>\n<\/figure>\n<\/div>\n<\/div>\n<\/div>\n<div class=\"row\">\n<div class=\"span12\">\n<div class=\"how-we-can-help-wrap\">\n<figure class=\"thumbnail alignnone clearfix\">\n<div class=\"row-fluid\">\n<div class=\"clear\"><\/div>\n<p style=\"margin: 11px\"><span style=\"font-size: 11pt; color:#000000\"><b>ARTESAN\u00cdA TEXTIL<\/b><\/span><\/p>\n<p style=\"margin: 11px\"><span style=\"font-size: 11pt; color:#000000\"><b>GANADORA: Elvia Paucar, Per\u00fa. Obra: Tapiz tradicional tejido en telar de cuatro pedales.<\/b><\/span><\/p>\n<p style=\"margin: 11px\"><span style=\"font-size: 11pt; color:#000000\">Elvia Paucar es oriunda de San Pedro de Cajas, Jun\u00edn, aunque actualmente residente en Lima (Per\u00fa). Es tejedora de grandes tapices o mantas llamadas caiserinas que se realizan a partir del vell\u00f3n de lana de oveja para hilarla en pushka o cardarla. Las obras se tejen en telar de pedales con peine. Las mantas caiserinas se tej\u00edan antiguamente para el abrigo de mineros y arrieros, pero hoy transitan otros escenarios.<\/span><\/p>\n<p style=\"margin: 11px\"><span style=\"font-size: 11pt; color:#000000\"><img decoding=\"async\" class=\"alignleft\" src=\"https:\/\/premiolujosostenible.org\/esp\/wp-content\/uploads\/2024\/12\/ganador2024-03.jpg\"><br \/>\n<iframe loading=\"lazy\" class=\"alignright\" width=\"560\" height=\"300\" src=\"https:\/\/www.youtube.com\/embed\/f6qrZICbujI\" title=\"\" frameborder=\"0\" allow=\"accelerometer; autoplay; clipboard-write; encrypted-media; gyroscope; picture-in-picture\" allowfullscreen=\"\"><\/iframe><\/span><\/p>\n<p style=\"margin: 11px\"><span style=\"font-size: 11pt; color:#000000\">&nbsp;<\/span><\/p>\n<\/div>\n<\/figure>\n<\/div>\n<\/div>\n<\/div>\n<div class=\"row\">\n<div class=\"span12\">\n<div class=\"how-we-can-help-wrap\">\n<figure class=\"thumbnail alignnone clearfix\">\n<div class=\"row-fluid\">\n<div class=\"clear\"><\/div>\n<p style=\"margin: 11px\"><span style=\"font-size: 11pt; color:#000000\"><b>ARTESAN\u00cdA EN  METAL<\/b><\/span><\/p>\n<p style=\"margin: 11px\"><span style=\"font-size: 11pt; color:#000000\"><b>Ganador: Mart\u00edn Viteri, Argentina. Obra: Jarro del Fais\u00e1n.<\/b><\/span><\/p>\n<p style=\"margin: 11px\"><span style=\"font-size: 11pt; color:#000000\">La plata 900 utilizada en sus obras es recuperada. Adem\u00e1s, los recortes productos de sus obras tambi\u00e9n se recuperan (es decir, las obras no generan desperdicio).<\/span><\/p>\n<p style=\"margin: 11px\"><span style=\"font-size: 11pt; color:#000000\">Mart\u00edn Viteri dise\u00f1a y realiza cada pieza a mano desde la fundici\u00f3n de la plata hasta el cincelado final. Sus productos son \u00fanicos, de alta calidad y reflejan una tradici\u00f3n artesanal rica en historia y significado cultural.<\/span><\/p>\n<p style=\"margin: 11px\"><span style=\"font-size: 11pt; color:#000000\"><img decoding=\"async\" class=\"alignleft\" src=\"https:\/\/premiolujosostenible.org\/esp\/wp-content\/uploads\/2024\/12\/ganador2024-04.jpg\"><br \/>\n<iframe loading=\"lazy\" class=\"alignright\" width=\"560\" height=\"300\" src=\"https:\/\/www.youtube.com\/embed\/m1Rtjp32DuA\" title=\"\" frameborder=\"0\" allow=\"accelerometer; autoplay; clipboard-write; encrypted-media; gyroscope; picture-in-picture\" allowfullscreen=\"\"><\/iframe><\/span><\/p>\n<p style=\"margin: 11px\"><span style=\"font-size: 11pt; color:#000000\">&nbsp;<\/span><\/p>\n<\/div>\n<\/figure>\n<\/div>\n<\/div>\n<\/div>\n<div class=\"row\">\n<div class=\"span12\">\n<div class=\"how-we-can-help-wrap\">\n<figure class=\"thumbnail alignnone clearfix\">\n<div class=\"row-fluid\">\n<div class=\"clear\"><\/div>\n<p style=\"margin: 11px\"><span style=\"font-size: 11pt; color:#000000\"><b>ARTESAN\u00cdA EN MADERA<\/b><\/span><\/p>\n<p style=\"margin: 11px\"><span style=\"font-size: 11pt; color:#000000\"><b>MENCI\u00d3N DE HONOR: Hip\u00f3lito V\u00e1zquez Sanchez, M\u00e9xico. Obra: Nacimiento del Ni\u00f1o Jes\u00fas.<\/b><\/span><\/p>\n<p style=\"margin: 11px\"><span style=\"font-size: 11pt; color:#000000\">El Maestro Hip\u00f3lito V\u00e1zquez S\u00e1nchez de M\u00e9xico, es escultor autodidacta en madera tallada jurado. Se le ha otorgado una menci\u00f3n de honor dada la talla minuciosa y preciosista de gran calidad artesanal de la obra presentada.<\/span><\/p>\n<p style=\"margin: 11px\"><span style=\"font-size: 11pt; color:#000000\">Su obra, no solo es una representaci\u00f3n art\u00edstica, sino tambi\u00e9n un s\u00edmbolo de fe y cultura.<\/span><\/p>\n<p style=\"margin: 11px\"><span style=\"font-size: 11pt; color:#000000\">La madera utilizada es el Tlaxistle.<\/span><\/p>\n<p style=\"margin: 11px\"><span style=\"font-size: 11pt; color:#000000\"><img decoding=\"async\" class=\"alignleft\" src=\"https:\/\/premiolujosostenible.org\/esp\/wp-content\/uploads\/2024\/12\/ganador2024-05.jpg\"><br \/>\n<iframe loading=\"lazy\" class=\"alignright\" width=\"560\" height=\"300\" src=\"https:\/\/www.youtube.com\/embed\/PU51J7NmGlM\" title=\"\" frameborder=\"0\" allow=\"accelerometer; autoplay; clipboard-write; encrypted-media; gyroscope; picture-in-picture\" allowfullscreen=\"\"><\/iframe><\/span><\/p>\n<p style=\"margin: 11px\"><span style=\"font-size: 11pt; color:#000000\">&nbsp;<\/span><\/p>\n<\/div>\n<\/figure>\n<\/div>\n<\/div>\n<\/div>\n<div class=\"row\">\n<div class=\"span12\">\n<div class=\"how-we-can-help-wrap\">\n<figure class=\"thumbnail alignnone clearfix\">\n<div class=\"row-fluid\">\n<div class=\"clear\"><\/div>\n<p style=\"margin: 11px\"><span style=\"font-size: 11pt; color:#000000\"><b>ARTESAN\u00cdA EN MADERA<\/b><\/span><\/p>\n<p style=\"margin: 11px\"><span style=\"font-size: 11pt; color:#000000\"><b>GANADOR: Mat\u00edas Conci, Argentina. Obra: Silla en una sola pieza.<\/b><\/span><\/p>\n<p style=\"margin: 11px\"><span style=\"font-size: 11pt; color:#000000\">El maestro Mat\u00edas crea piezas \u00fanicas utilizando madera natural encontrada en el monte. Inspirado por su abuelo desde una edad temprana, Mat\u00edas dise\u00f1a y transforma troncos ca\u00eddos en obras de arte funcionales.<\/span><\/p>\n<p style=\"margin: 11px\"><span style=\"font-size: 11pt; color:#000000\">La t\u00e9cnica de la obra es el calado y pulido en madera, 100% manual. Destaca por su innovador dise\u00f1o de calado en c\u00edrculos y su terminaci\u00f3n t\u00e9cnica impecable. La obra combina tradici\u00f3n e innovaci\u00f3n.<\/span><\/p>\n<p style=\"margin: 11px\"><span style=\"font-size: 11pt; color:#000000\"><img decoding=\"async\" class=\"alignleft\" src=\"https:\/\/premiolujosostenible.org\/esp\/wp-content\/uploads\/2024\/12\/ganador2024-06.jpg\"><br \/>\n<iframe loading=\"lazy\" class=\"alignright\" width=\"560\" height=\"300\" src=\"https:\/\/www.youtube.com\/embed\/WEooeaO90gE\" title=\"\" frameborder=\"0\" allow=\"accelerometer; autoplay; clipboard-write; encrypted-media; gyroscope; picture-in-picture\" allowfullscreen=\"\"><\/iframe><\/span><\/p>\n<p style=\"margin: 11px\"><span style=\"font-size: 11pt; color:#000000\">&nbsp;<\/span><\/p>\n<\/div>\n<\/figure>\n<\/div>\n<\/div>\n<\/div>\n","protected":false},"excerpt":{"rendered":"<p>ARTESAN\u00cdA EN CER\u00c1MICA Ganador: Luis Gutierrez, Nicaragua. Obra: Masaya linda Masaya. Celebra la rica tradici\u00f3n ind\u00edgena de su pueblo, aplicando colores a base de tierra y de \u00f3xidos minerales. Utiliza la t\u00e9cnica ancestral ind\u00edgena Nicoya en cer\u00e1mica, la que posee ra\u00edces precolombinas. Adem\u00e1s de su labor artesanal, Luis trabaja para mantener viva la cultura local incentivando a las nuevas generaciones&nbsp;<a href=\"https:\/\/premiolujosostenible.org\/esp\/2024-2\/\" class=\"read-more\">Seguir leyendo<\/a><\/p>\n","protected":false},"author":2,"featured_media":0,"parent":0,"menu_order":0,"comment_status":"closed","ping_status":"closed","template":"page-fullwidth.php","meta":{"footnotes":""},"class_list":["post-571","page","type-page","status-publish","hentry"],"_links":{"self":[{"href":"https:\/\/premiolujosostenible.org\/esp\/wp-json\/wp\/v2\/pages\/571","targetHints":{"allow":["GET"]}}],"collection":[{"href":"https:\/\/premiolujosostenible.org\/esp\/wp-json\/wp\/v2\/pages"}],"about":[{"href":"https:\/\/premiolujosostenible.org\/esp\/wp-json\/wp\/v2\/types\/page"}],"author":[{"embeddable":true,"href":"https:\/\/premiolujosostenible.org\/esp\/wp-json\/wp\/v2\/users\/2"}],"replies":[{"embeddable":true,"href":"https:\/\/premiolujosostenible.org\/esp\/wp-json\/wp\/v2\/comments?post=571"}],"version-history":[{"count":9,"href":"https:\/\/premiolujosostenible.org\/esp\/wp-json\/wp\/v2\/pages\/571\/revisions"}],"predecessor-version":[{"id":597,"href":"https:\/\/premiolujosostenible.org\/esp\/wp-json\/wp\/v2\/pages\/571\/revisions\/597"}],"wp:attachment":[{"href":"https:\/\/premiolujosostenible.org\/esp\/wp-json\/wp\/v2\/media?parent=571"}],"curies":[{"name":"wp","href":"https:\/\/api.w.org\/{rel}","templated":true}]}}