{"id":491,"date":"2022-12-11T13:24:23","date_gmt":"2022-12-11T13:24:23","guid":{"rendered":"https:\/\/premiolujosostenible.org\/esp\/?page_id=491"},"modified":"2022-12-11T14:25:30","modified_gmt":"2022-12-11T14:25:30","slug":"2022-2","status":"publish","type":"page","link":"https:\/\/premiolujosostenible.org\/esp\/2022-2\/","title":{"rendered":"2022"},"content":{"rendered":"<div class=\"row\">\n<div class=\"span12\">\n<div class=\"how-we-can-help-wrap\">\n<figure class=\"thumbnail alignnone clearfix\">\n<div class=\"row-fluid\">\n<div class=\"clear\"><\/div>\n<p style=\"margin: 11px\"><span style=\"font-size: 11pt; color:#000000\"><b>ARTESAN\u00cdA EN CER\u00c1MICA<\/b><\/span><\/p>\n<p style=\"margin: 11px\"><span style=\"font-size: 11pt; color:#000000\"><b>ABEL \u00c1VALOS GUERRERO. Catedral.<\/b><\/span><\/p>\n<p style=\"margin: 11px\"><span style=\"font-size: 11pt; color:#000000\">Abel es de Dolores Hidalgo, Guanajato, M\u00e9xico. Especialista en trabajar dicho material en \u201cgrandes obras, miniatura\u201d. En su obra -que mide 30 x 30 cm y que finaliz\u00f3 luego de 6 meses de trabajo con jornadas de hasta 12 hs- utiliz\u00f3 las t\u00e9cnicas de Gotitas y Decoraci\u00f3n Greca.<\/span><\/p>\n<p style=\"margin: 11px\"><span style=\"font-size: 11pt; color:#000000\"><img decoding=\"async\" class=\"alignleft\" src=\"https:\/\/premiolujosostenible.org\/esp\/wp-content\/uploads\/2022\/12\/20221211-01.jpg\"><br \/>\n<iframe loading=\"lazy\" class=\"alignright\" width=\"560\" height=\"350\" src=\"https:\/\/www.youtube.com\/embed\/qF4_oCA813Q\" title=\"\" frameborder=\"0\" allow=\"accelerometer; autoplay; clipboard-write; encrypted-media; gyroscope; picture-in-picture\" allowfullscreen=\"\"><\/iframe><\/span><\/p>\n<p style=\"margin: 11px\"><span style=\"font-size: 11pt; color:#000000\">&nbsp;<\/span><\/p>\n<\/div>\n<\/figure>\n<\/div>\n<\/div>\n<\/div>\n<div class=\"row\">\n<div class=\"span12\">\n<div class=\"how-we-can-help-wrap\">\n<figure class=\"thumbnail alignnone clearfix\">\n<div class=\"row-fluid\">\n<div class=\"clear\"><\/div>\n<p style=\"margin: 11px\"><span style=\"font-size: 11pt; color:#000000\"><b>ARTESAN\u00cdA TEXTIL<\/b><\/span><\/p>\n<p style=\"margin: 11px\"><span style=\"font-size: 11pt; color:#000000\"><b>M\u00c1XIMO LAURA. Ritual a la Fertilidad.<\/b><\/span><\/p>\n<p style=\"margin: 11px\"><span style=\"font-size: 11pt; color:#000000\">Es un reconocido artista textil peruano. Evoca en sus obras la mitolog\u00eda y folclor local, con un contraste contempor\u00e1neo que le da una personalidad \u00fanica a sus obras. La obra presentada est\u00e1 realizada en un telar horizontal de dos pedales con una t\u00e9cnica t\u00edpica de su regi\u00f3n, el \u201ctejido Ayacuchano\u201d combinado con t\u00e9cnicas modernas. La obra tomo 8 meses de trabajo continuo.<\/span><\/p>\n<p style=\"margin: 11px\"><span style=\"font-size: 11pt; color:#000000\"><img decoding=\"async\" class=\"alignleft\" src=\"https:\/\/premiolujosostenible.org\/esp\/wp-content\/uploads\/2022\/12\/20221211-02.jpg\"><iframe loading=\"lazy\" class=\"alignright\" width=\"560\" height=\"350\" src=\"https:\/\/www.youtube.com\/embed\/_gdOPOZidmU\" title=\"\" frameborder=\"0\" allow=\"accelerometer; autoplay; clipboard-write; encrypted-media; gyroscope; picture-in-picture\" allowfullscreen=\"\"><\/iframe><\/span><\/p>\n<p style=\"margin: 11px\"><span style=\"font-size: 11pt; color:#000000\">&nbsp;<\/span><\/p>\n<\/div>\n<\/figure>\n<\/div>\n<\/div>\n<\/div>\n<div class=\"row\">\n<div class=\"span12\">\n<div class=\"how-we-can-help-wrap\">\n<figure class=\"thumbnail alignnone clearfix\">\n<div class=\"row-fluid\">\n<div class=\"clear\"><\/div>\n<p style=\"margin: 11px\"><span style=\"font-size: 11pt; color:#000000\"><b>ARTESAN\u00cdA EN MADERA<\/b><\/span><\/p>\n<p style=\"margin: 11px\"><span style=\"font-size: 11pt; color:#000000\"><b>ALFONSO MOYA. Llagantu.<\/b><\/span><\/p>\n<p style=\"margin: 11px\"><span style=\"font-size: 11pt; color:#000000\">Originario de Cunco, Chile, desde muy temprana edad sinti\u00f3 ese llamado que lo impulsaba a transformar las cosas en \u201calgo m\u00e1s\u201d, basado en la voz de la naturaleza, la magia ancestral y los ritos milenarios.<br \/>\nLa obra presentada, Llagantu (el tiempo), es una escultura en madera de \u00e1rboles nativos, realizada con trozos encontrados de madera, utilizado cera de abejas y aceite de coco para el sellado (evitando el uso de productos t\u00f3xicos como parte de su compromiso con el medio ambiente y su preservaci\u00f3n).<\/span><\/p>\n<p style=\"margin: 11px\"><span style=\"font-size: 11pt; color:#000000\"><img decoding=\"async\" class=\"alignleft\" src=\"https:\/\/premiolujosostenible.org\/esp\/wp-content\/uploads\/2022\/12\/20221211-03.jpg\"><br \/>\n<iframe loading=\"lazy\" class=\"alignright\" width=\"560\" height=\"350\" src=\"https:\/\/www.youtube.com\/embed\/A-CrlEHdi-Y\" title=\"\" frameborder=\"0\" allow=\"accelerometer; autoplay; clipboard-write; encrypted-media; gyroscope; picture-in-picture\" allowfullscreen=\"\"><\/iframe><\/span><\/p>\n<p style=\"margin: 11px\"><span style=\"font-size: 11pt; color:#000000\">&nbsp;<\/span><\/p>\n<\/div>\n<\/figure>\n<\/div>\n<\/div>\n<\/div>\n<div class=\"row\">\n<div class=\"span12\">\n<div class=\"how-we-can-help-wrap\">\n<figure class=\"thumbnail alignnone clearfix\">\n<div class=\"row-fluid\">\n<div class=\"clear\"><\/div>\n<p style=\"margin: 11px\"><span style=\"font-size: 11pt; color:#000000\"><b>ARTESAN\u00cdA EN METAL<\/b><\/span><\/p>\n<p style=\"margin: 11px\"><span style=\"font-size: 11pt; color:#000000\"><b>SERGIO BRUNO. Juego de cuchillo y tenedor.<\/b><\/span><\/p>\n<p style=\"margin: 11px\"><span style=\"font-size: 11pt; color:#000000\">De la Ciudad de C\u00f3rdoba \u2013 Argentina. Con estudios en arquitectura dise\u00f1a y elabora cuchillos artesanales como piezas \u00fanicas. Su obra llev\u00f3 un tiempo de ejecuci\u00f3n de 20 horas y un tiempo sin medici\u00f3n dedicado al dise\u00f1o de la misma. La hoja es forjada, formada y pulida a mano en acero inoxidable, y la madera del encabado la consigue por recolecci\u00f3n, de pilas de le\u00f1a o de orillas de r\u00edos. Tambi\u00e9n cuenta con su propia funda realizada en cuero sobre las mismas piezas.<\/span><\/p>\n<p style=\"margin: 11px\"><span style=\"font-size: 11pt; color:#000000\"><img decoding=\"async\" class=\"alignleft\" src=\"https:\/\/premiolujosostenible.org\/esp\/wp-content\/uploads\/2022\/12\/20221211-04.jpeg\"><br \/>\n<iframe loading=\"lazy\" class=\"alignright\" width=\"560\" height=\"350\" src=\"https:\/\/www.youtube.com\/embed\/1TbsoJGWMAQ\" title=\"\" frameborder=\"0\" allow=\"accelerometer; autoplay; clipboard-write; encrypted-media; gyroscope; picture-in-picture\" allowfullscreen=\"\"><\/iframe><\/span><\/p>\n<p style=\"margin: 11px\"><span style=\"font-size: 11pt; color:#000000\">&nbsp;<\/span><\/p>\n<\/div>\n<\/figure>\n<\/div>\n<\/div>\n<\/div>\n","protected":false},"excerpt":{"rendered":"<p>ARTESAN\u00cdA EN CER\u00c1MICA ABEL \u00c1VALOS GUERRERO. Catedral. Abel es de Dolores Hidalgo, Guanajato, M\u00e9xico. Especialista en trabajar dicho material en \u201cgrandes obras, miniatura\u201d. En su obra -que mide 30 x 30 cm y que finaliz\u00f3 luego de 6 meses de trabajo con jornadas de hasta 12 hs- utiliz\u00f3 las t\u00e9cnicas de Gotitas y Decoraci\u00f3n Greca. &nbsp; ARTESAN\u00cdA TEXTIL M\u00c1XIMO LAURA.&nbsp;<a href=\"https:\/\/premiolujosostenible.org\/esp\/2022-2\/\" class=\"read-more\">Seguir leyendo<\/a><\/p>\n","protected":false},"author":2,"featured_media":0,"parent":0,"menu_order":0,"comment_status":"closed","ping_status":"closed","template":"page-fullwidth.php","meta":{"footnotes":""},"class_list":["post-491","page","type-page","status-publish","hentry"],"_links":{"self":[{"href":"https:\/\/premiolujosostenible.org\/esp\/wp-json\/wp\/v2\/pages\/491","targetHints":{"allow":["GET"]}}],"collection":[{"href":"https:\/\/premiolujosostenible.org\/esp\/wp-json\/wp\/v2\/pages"}],"about":[{"href":"https:\/\/premiolujosostenible.org\/esp\/wp-json\/wp\/v2\/types\/page"}],"author":[{"embeddable":true,"href":"https:\/\/premiolujosostenible.org\/esp\/wp-json\/wp\/v2\/users\/2"}],"replies":[{"embeddable":true,"href":"https:\/\/premiolujosostenible.org\/esp\/wp-json\/wp\/v2\/comments?post=491"}],"version-history":[{"count":9,"href":"https:\/\/premiolujosostenible.org\/esp\/wp-json\/wp\/v2\/pages\/491\/revisions"}],"predecessor-version":[{"id":514,"href":"https:\/\/premiolujosostenible.org\/esp\/wp-json\/wp\/v2\/pages\/491\/revisions\/514"}],"wp:attachment":[{"href":"https:\/\/premiolujosostenible.org\/esp\/wp-json\/wp\/v2\/media?parent=491"}],"curies":[{"name":"wp","href":"https:\/\/api.w.org\/{rel}","templated":true}]}}