{"id":42,"date":"2017-12-19T18:10:17","date_gmt":"2017-12-19T18:10:17","guid":{"rendered":"https:\/\/premiolujosostenible.org\/esp\/?page_id=42"},"modified":"2019-01-22T19:36:56","modified_gmt":"2019-01-22T19:36:56","slug":"publicaciones","status":"publish","type":"page","link":"https:\/\/premiolujosostenible.org\/esp\/publicaciones\/","title":{"rendered":"Publicaciones"},"content":{"rendered":"<div class=\"row\">\n<div class=\"span12\">\n<div class=\"how-we-can-help-wrap\">\n<figure class=\"thumbnail alignnone clearfix\">\n<div class=\"row-fluid\">\n<div class=\"clear\"><\/div>\n<p style=\"margin: 11px\"><span style=\"font-size: 11pt; color:#000000\"><b>Miguel Angel Gardetti<\/b> \u2013Director del Centro de Estudios para el Lujo Sustentable y Fundador del Premio al Lujo Sostenible en Am\u00e9rica Latina- y <b>Mar\u00eda Eugenia Gir\u00f3n<\/b> (Directora del Observatorio de Productos y Servicios Premium del IE Business School, Madrid) son los editores de dos libros basados en las historia de los \u201cPioneros en Lujo Sostenible\u201d.<\/span><\/p>\n<p style=\"margin: 11px\"><span style=\"font-size: 11pt; color:#000000\">El primero de ellos <a href=\"https:\/\/www.routledge.com\/Sustainable-Luxury-and-Social-Entrepreneurship-Stories-from-the-Pioneers\/Gardetti-Giron\/p\/book\/9781783530632\" target=\"_blank\"><span style=\"color:#376092\"><b>\u00abSustainable Luxury and Entrepreneurship: Stories From the Pioneers\u00bb<\/b><\/span><\/a> fue presentado en Julio de 2014 en IE Business School con la participaci\u00f3n de: <b>Oliver Wayman<\/b> \u2013cofundador y director de BottleTop (Reino Unido)-, <b>Kresse Wesling<\/b> \u2013cofundadora de Elvis &#038; Kresse (Reino Unido)-, <b>Mar\u00eda Eugenia Gir\u00f3n<\/b> -directora del Observatorio de Productos y Servicios Premium del IE Business School-, <b>Miguel Angel Gardetti<\/b> -fundador y director del Premio al Lujo Sostenible en Am\u00e9rica Latina-, <b>Alberto Bravo Reyes<\/b> y <b>Mar\u00eda Jos\u00e9 Mar\u00edn<\/b> \u2013fundadores de \u201cWe are Knitters\u201d (Espa\u00f1a)-, y <b>Daniel Joutard<\/b> \u2013Fundador y CEO de A\u00efny (Francia).<\/span><\/p>\n<p style=\"margin: 0px\"><span style=\"font-size: 11pt; color:#000000\"><img decoding=\"async\" class=\"alignleft\" src=\"https:\/\/premiolujosostenible.org\/esp\/wp-content\/uploads\/2017\/12\/img025.jpg\" \/><img decoding=\"async\" class=\"alignright\" src=\"https:\/\/premiolujosostenible.org\/esp\/wp-content\/uploads\/2017\/12\/img026.jpg\" \/><\/span><\/p>\n<p style=\"margin: 11px\"><span style=\"font-size: 11pt; color:#fff\">.&nbsp;.<\/span><\/p>\n<p style=\"margin: 11px;\"><span style=\"font-size: 11pt; color:#000000\">El segundo de ellos, <a href=\"https:\/\/www.routledge.com\/Sustainable-Luxury-and-Social-Entrepreneurship-Volume-II-More-Stories\/Gardetti-Giron\/p\/book\/9781783533565\" target=\"_blank\"><span style=\"color:#376092\"><b>\u00abSustainable Luxury and Entrepreneurship \u2013 Volumen II: More Stories From the Pioneers\u00bb<\/b><\/span><\/a> se present\u00f3 tambi\u00e9n en IE Business School en Junio de 2016. En la imagen que se encuentra en la parte inferior derecha se puede apreciar a los editores y pioneros (de izquierda a derecha): <b>Alan Frampton<\/b> \u2013CEO de CRED Jewellery (UK)-, <b>Miguel Angel Gardetti<\/b> -fundador y director del Premio al Lujo Sostenible en Am\u00e9rica Latina-, <b>Gu\u00f0run R\u00f3gvad\u00f3ttir<\/b> \u2013fundadora y director de Gu\u00f0run &#038; Gu\u00f0run (Islas Faroe)-. <b>Mar\u00eda Eugenia Gir\u00f3n<\/b> -directora del Observatorio de Productos y Servicios Premium del IE Business School-, <b>Rachida Justo<\/b> \u2013docente de emprendedorismo en IE Business School-, y <b>Lasse Gustavsson<\/b> \u2013director europeo de OCEANA.<\/span><\/p>\n<p style=\"margin: 0px\"><span style=\"font-size: 11pt; color:#000000\"><img decoding=\"async\" class=\"alignleft\" src=\"https:\/\/premiolujosostenible.org\/esp\/wp-content\/uploads\/2017\/12\/img027.jpg\" \/><img decoding=\"async\" class=\"alignright\" src=\"https:\/\/premiolujosostenible.org\/esp\/wp-content\/uploads\/2017\/12\/img028.jpg\" \/><\/span><\/p>\n<p style=\"margin: 11px\"><span style=\"font-size: 11pt; color:#000000\">&nbsp;<\/span><\/p>\n<\/div>\n<\/figure>\n<\/div>\n<\/div>\n<\/div>\n","protected":false},"excerpt":{"rendered":"<p>Miguel Angel Gardetti \u2013Director del Centro de Estudios para el Lujo Sustentable y Fundador del Premio al Lujo Sostenible en Am\u00e9rica Latina- y Mar\u00eda Eugenia Gir\u00f3n (Directora del Observatorio de Productos y Servicios Premium del IE Business School, Madrid) son los editores de dos libros basados en las historia de los \u201cPioneros en Lujo Sostenible\u201d. El primero de ellos \u00abSustainable&nbsp;<a href=\"https:\/\/premiolujosostenible.org\/esp\/publicaciones\/\" class=\"read-more\">Seguir leyendo<\/a><\/p>\n","protected":false},"author":2,"featured_media":0,"parent":0,"menu_order":0,"comment_status":"closed","ping_status":"closed","template":"page-fullwidth.php","meta":{"footnotes":""},"class_list":["post-42","page","type-page","status-publish","hentry"],"_links":{"self":[{"href":"https:\/\/premiolujosostenible.org\/esp\/wp-json\/wp\/v2\/pages\/42","targetHints":{"allow":["GET"]}}],"collection":[{"href":"https:\/\/premiolujosostenible.org\/esp\/wp-json\/wp\/v2\/pages"}],"about":[{"href":"https:\/\/premiolujosostenible.org\/esp\/wp-json\/wp\/v2\/types\/page"}],"author":[{"embeddable":true,"href":"https:\/\/premiolujosostenible.org\/esp\/wp-json\/wp\/v2\/users\/2"}],"replies":[{"embeddable":true,"href":"https:\/\/premiolujosostenible.org\/esp\/wp-json\/wp\/v2\/comments?post=42"}],"version-history":[{"count":29,"href":"https:\/\/premiolujosostenible.org\/esp\/wp-json\/wp\/v2\/pages\/42\/revisions"}],"predecessor-version":[{"id":323,"href":"https:\/\/premiolujosostenible.org\/esp\/wp-json\/wp\/v2\/pages\/42\/revisions\/323"}],"wp:attachment":[{"href":"https:\/\/premiolujosostenible.org\/esp\/wp-json\/wp\/v2\/media?parent=42"}],"curies":[{"name":"wp","href":"https:\/\/api.w.org\/{rel}","templated":true}]}}