{"id":410,"date":"2022-01-04T19:45:39","date_gmt":"2022-01-04T19:45:39","guid":{"rendered":"https:\/\/premiolujosostenible.org\/esp\/?page_id=410"},"modified":"2022-01-04T20:03:40","modified_gmt":"2022-01-04T20:03:40","slug":"premio","status":"publish","type":"page","link":"https:\/\/premiolujosostenible.org\/esp\/premio\/","title":{"rendered":"Premio"},"content":{"rendered":"<div class=\"row\">\n<div class=\"span12\">\n<div class=\"how-we-can-help-wrap\">\n<figure class=\"thumbnail alignnone clearfix\">\n<div class=\"row-fluid\">\n<div class=\"clear\"><\/div>\n<p style=\"margin: 11px\"><span style=\"font-size: 11pt; color:#000000\"><img decoding=\"async\" class=\"alignleft\" src=\"https:\/\/premiolujosostenible.org\/esp\/wp-content\/uploads\/2022\/01\/imgpremio.jpg\">La obra se denomina <b>\u00abTributo a los Pueblos Originarios\u00bb<\/b> y representa un homenaje a todas las culturas originarias de Argentina y de Am\u00e9rica Latina. En palabras de la artista Alejandra Gubinelli: <i>\u00abEs mi forma de honrar mi infancia en la Provincia del Chaco (Argentina), as\u00ed como la diversidad que caracteriza a este hemisferio. Es volver a mirar a las comunidades, abraz\u00e1ndolas desde la adultez, apreciando sus saberes, sus trabajos y su cosmovisi\u00f3n\u00bb<\/i>.<\/span><\/p>\n<p style=\"margin: 11px\"><span style=\"font-size: 11pt; color:#000000\">Sobre la artista:<\/span><\/p>\n<p style=\"margin: 11px\"><span style=\"font-size: 11pt; color:#000000\"><i>\u00abDesde Argentina -la artista Alejandra Gubinelli- nos muestra un recorrido consciente de la reutilizaci\u00f3n del vidrio con t\u00e9cnicas tradicionales. En su proceso de creaci\u00f3n est\u00e1 siempre la inc\u00f3gnita de los elementos con los que contar\u00e1 y la composici\u00f3n de su nueva obra. En su ir hacia &#8216;adentro&#8217; para hacer un mundo m\u00e1s amigable, esta artista logra desde sus transparencias una integraci\u00f3n y empat\u00eda de nosotros con el objeto-obra.<\/i><\/span><\/p>\n<p style=\"margin: 11px\"><span style=\"font-size: 11pt; color:#000000\"><i>Una gran hacedora del circuito virtuoso del vidrio, para &#8216;que el vidrio siga siendo vidrio&#8217;.<\/i><\/span><\/p>\n<p style=\"margin: 11px\"><span style=\"font-size: 11pt; color:#000000\"><i>Gubinelli muestra la ductibilidad y maleabilidad del vidrio junto a la armon\u00eda de cada una de sus obras, utilizando la luz como gran aliada de sus creaciones.\u00bb<\/i><\/span><\/p>\n<p style=\"margin: 11px\" align=\"right\"><span style=\"font-size: 11pt; color:#000000\">Alejandra Mavicino, Arte Global by Malvicino Palermo (Brasil)<\/span><\/p>\n<p style=\"margin: 11px\"><span style=\"font-size: 11pt; color:#000000\">&nbsp;<\/span><\/p>\n<\/div>\n<\/figure>\n<\/div>\n<\/div>\n<\/div>\n","protected":false},"excerpt":{"rendered":"<p>La obra se denomina \u00abTributo a los Pueblos Originarios\u00bb y representa un homenaje a todas las culturas originarias de Argentina y de Am\u00e9rica Latina. En palabras de la artista Alejandra Gubinelli: \u00abEs mi forma de honrar mi infancia en la Provincia del Chaco (Argentina), as\u00ed como la diversidad que caracteriza a este hemisferio. Es volver a mirar a las comunidades,&nbsp;<a href=\"https:\/\/premiolujosostenible.org\/esp\/premio\/\" class=\"read-more\">Seguir leyendo<\/a><\/p>\n","protected":false},"author":2,"featured_media":0,"parent":0,"menu_order":0,"comment_status":"closed","ping_status":"closed","template":"page-fullwidth.php","meta":{"footnotes":""},"class_list":["post-410","page","type-page","status-publish","hentry"],"_links":{"self":[{"href":"https:\/\/premiolujosostenible.org\/esp\/wp-json\/wp\/v2\/pages\/410","targetHints":{"allow":["GET"]}}],"collection":[{"href":"https:\/\/premiolujosostenible.org\/esp\/wp-json\/wp\/v2\/pages"}],"about":[{"href":"https:\/\/premiolujosostenible.org\/esp\/wp-json\/wp\/v2\/types\/page"}],"author":[{"embeddable":true,"href":"https:\/\/premiolujosostenible.org\/esp\/wp-json\/wp\/v2\/users\/2"}],"replies":[{"embeddable":true,"href":"https:\/\/premiolujosostenible.org\/esp\/wp-json\/wp\/v2\/comments?post=410"}],"version-history":[{"count":3,"href":"https:\/\/premiolujosostenible.org\/esp\/wp-json\/wp\/v2\/pages\/410\/revisions"}],"predecessor-version":[{"id":417,"href":"https:\/\/premiolujosostenible.org\/esp\/wp-json\/wp\/v2\/pages\/410\/revisions\/417"}],"wp:attachment":[{"href":"https:\/\/premiolujosostenible.org\/esp\/wp-json\/wp\/v2\/media?parent=410"}],"curies":[{"name":"wp","href":"https:\/\/api.w.org\/{rel}","templated":true}]}}