{"id":40,"date":"2017-12-19T18:09:55","date_gmt":"2017-12-19T18:09:55","guid":{"rendered":"https:\/\/premiolujosostenible.org\/esp\/?page_id=40"},"modified":"2021-04-23T13:38:34","modified_gmt":"2021-04-23T13:38:34","slug":"premio-categorias","status":"publish","type":"page","link":"https:\/\/premiolujosostenible.org\/esp\/premio-categorias\/","title":{"rendered":"Las Categor\u00edas"},"content":{"rendered":"<p style=\"margin: 11px\"><span style=\"font-size: 11pt; color:#000000\">El <b>Premio al Lujo Sostenible en Am\u00e9rica Latina<\/b> ser\u00e1 otorgado en las siguientes categor\u00edas<\/span><\/p>\n<p style=\"margin: 11px\"><span style=\"font-size: 9pt; color:#000000\">Nota: las im\u00e1genes son gentileza de Christiane Lemieux de su libro The Finer Things.<\/span><\/p>\n<div class=\"row\">\n<div class=\"span6\">\n<div class=\"how-we-can-help-wrap\">\n<figure class=\"thumbnail alignnone clearfix\">\n<div class=\"row-fluid\">\n<div class=\"clear\"><\/div>\n<p style=\"margin: 11px\" align=\"center\"><span style=\"font-size: 11pt; color:#000000\"><img decoding=\"async\" class=\"aligncenter\" src=\"https:\/\/premiolujosostenible.org\/esp\/wp-content\/uploads\/2021\/04\/img100.jpg\" \/><b>ARTESAN\u00cdA TEXTIL<\/b>\n<\/div>\n<\/figure>\n<\/div>\n<\/div>\n<div class=\"span6\">\n<div class=\"how-we-can-help-wrap\">\n<figure class=\"thumbnail alignnone clearfix\">\n<div class=\"row-fluid\">\n<div class=\"clear\"><\/div>\n<p style=\"margin: 11px\" align=\"center\"><span style=\"font-size: 11pt; color:#000000\"><img decoding=\"async\" class=\"aligncenter\" src=\"https:\/\/premiolujosostenible.org\/esp\/wp-content\/uploads\/2021\/04\/img101.jpg\" \/><b>ARTESAN\u00cdA EN CER\u00c1MICA<\/b>\n<\/div>\n<\/figure>\n<\/div>\n<\/div>\n<\/div>\n<div class=\"row\">\n<div class=\"span6\">\n<div class=\"how-we-can-help-wrap\">\n<figure class=\"thumbnail alignnone clearfix\">\n<div class=\"row-fluid\">\n<div class=\"clear\"><\/div>\n<p style=\"margin: 11px\" align=\"center\"><span style=\"font-size: 11pt; color:#000000\"><img decoding=\"async\" class=\"aligncenter\" src=\"https:\/\/premiolujosostenible.org\/esp\/wp-content\/uploads\/2021\/04\/img102.jpg\" \/><b>ARTESAN\u00cdA EN METAL<\/b>\n<\/div>\n<\/figure>\n<\/div>\n<\/div>\n<div class=\"span6\">\n<div class=\"how-we-can-help-wrap\">\n<figure class=\"thumbnail alignnone clearfix\">\n<div class=\"row-fluid\">\n<div class=\"clear\"><\/div>\n<p style=\"margin: 11px\" align=\"center\"><span style=\"font-size: 11pt; color:#000000\"><img decoding=\"async\" class=\"aligncenter\" src=\"https:\/\/premiolujosostenible.org\/esp\/wp-content\/uploads\/2021\/04\/img103.jpg\" \/><b>ARTESAN\u00cdA EN MADERA<\/b>\n<\/div>\n<\/figure>\n<\/div>\n<\/div>\n<\/div>\n<\/div>\n<\/figure>\n<\/div>\n<\/div>\n<\/div>\n","protected":false},"excerpt":{"rendered":"<p>El Premio al Lujo Sostenible en Am\u00e9rica Latina ser\u00e1 otorgado en las siguientes categor\u00edas Nota: las im\u00e1genes son gentileza de Christiane Lemieux de su libro The Finer Things. ARTESAN\u00cdA TEXTIL ARTESAN\u00cdA EN CER\u00c1MICA ARTESAN\u00cdA EN METAL ARTESAN\u00cdA EN MADERA<\/p>\n","protected":false},"author":2,"featured_media":0,"parent":0,"menu_order":0,"comment_status":"closed","ping_status":"closed","template":"page-fullwidth.php","meta":{"footnotes":""},"class_list":["post-40","page","type-page","status-publish","hentry"],"_links":{"self":[{"href":"https:\/\/premiolujosostenible.org\/esp\/wp-json\/wp\/v2\/pages\/40","targetHints":{"allow":["GET"]}}],"collection":[{"href":"https:\/\/premiolujosostenible.org\/esp\/wp-json\/wp\/v2\/pages"}],"about":[{"href":"https:\/\/premiolujosostenible.org\/esp\/wp-json\/wp\/v2\/types\/page"}],"author":[{"embeddable":true,"href":"https:\/\/premiolujosostenible.org\/esp\/wp-json\/wp\/v2\/users\/2"}],"replies":[{"embeddable":true,"href":"https:\/\/premiolujosostenible.org\/esp\/wp-json\/wp\/v2\/comments?post=40"}],"version-history":[{"count":32,"href":"https:\/\/premiolujosostenible.org\/esp\/wp-json\/wp\/v2\/pages\/40\/revisions"}],"predecessor-version":[{"id":400,"href":"https:\/\/premiolujosostenible.org\/esp\/wp-json\/wp\/v2\/pages\/40\/revisions\/400"}],"wp:attachment":[{"href":"https:\/\/premiolujosostenible.org\/esp\/wp-json\/wp\/v2\/media?parent=40"}],"curies":[{"name":"wp","href":"https:\/\/api.w.org\/{rel}","templated":true}]}}