{"id":36,"date":"2017-12-19T18:08:40","date_gmt":"2017-12-19T18:08:40","guid":{"rendered":"https:\/\/premiolujosostenible.org\/esp\/?page_id=36"},"modified":"2025-04-23T12:58:24","modified_gmt":"2025-04-23T12:58:24","slug":"jurado","status":"publish","type":"page","link":"https:\/\/premiolujosostenible.org\/esp\/jurado\/","title":{"rendered":"Jurado"},"content":{"rendered":"<p style=\"margin: 11px 11px 0px 11px;\"><span style=\"font-size: 11pt; color: #000000;\">El jurado de la 11va edici\u00f3n es:<\/span><\/p>\n<div class=\"row\">\n<div class=\"span6\">\n<div class=\"how-we-can-help-wrap\">\n<figure class=\"thumbnail alignnone clearfix\">\n<div class=\"row-fluid\">\n<div class=\"clear\"><\/div>\n<p style=\"margin: 11px;\"><span style=\"font-size: 11pt; color: #000000;\"><img decoding=\"async\" class=\"alignleft\" src=\"https:\/\/premiolujosostenible.org\/esp\/wp-content\/uploads\/2019\/09\/img040.jpg\"><b>Roxana Amarilla<\/b> es comunicadora social. Est\u00e1 al frente del Mercado de Artesan\u00edas Tradicionales de la Argentina. Integra tambi\u00e9n el Observatorio del Valor Artesanal del Centro de Estudios en Cultura, Econom\u00eda y Pol\u00edtica (CECYP), con sede en el Instituto de Investigaciones <b>Gino Germani<\/b> (UBA). Es Vicepresidente del Consejo Mundial de Artesan\u00edas de la regi\u00f3n Latinoam\u00e9rica (World Crafts Council LA)<br \/>\nPhoto: Gisela Filc.<\/span><\/p>\n<\/div>\n<\/figure>\n<\/div>\n<\/div>\n<div class=\"span6\">\n<div class=\"how-we-can-help-wrap\">\n<figure class=\"thumbnail alignnone clearfix\">\n<div class=\"row-fluid\">\n<div class=\"clear\"><\/div>\n<p style=\"margin: 11px;\"><span style=\"font-size: 11pt; color: #000000;\"><img decoding=\"async\" class=\"alignleft\" src=\"https:\/\/premiolujosostenible.org\/esp\/wp-content\/uploads\/2025\/04\/img105.jpg\"><b>Manuel Ernesto Rodr\u00edguez Acosta.<\/b> Dise\u00f1ador para la artesan\u00eda, con experiencia internacional durante 15 a\u00f1os, como consultor en proyectos de conservaci\u00f3n e innovaci\u00f3n de los oficios artesanales, con organismos gubernamentales y ONG (tanto en Colombia, Brasil, Venezuela, M\u00e9xico, Puerto Rico, Centro y Sur Am\u00e9rica, con auspicios de Unesco, Cooperaci\u00f3n Noruega y Espa\u00f1ola.<\/span><\/p>\n<p style=\"margin: 11px;\"><span style=\"font-size: 11pt; color: #000000;\">&nbsp;<\/span><\/p>\n<\/div>\n<\/figure>\n<\/div>\n<\/div>\n<\/div>\n<div class=\"row\">\n<div class=\"span6\">\n<div class=\"how-we-can-help-wrap\">\n<figure class=\"thumbnail alignnone clearfix\">\n<div class=\"row-fluid\">\n<div class=\"clear\"><\/div>\n<p style=\"margin: 11px;\"><span style=\"font-size: 11pt; color: #000000;\"><img decoding=\"async\" class=\"alignleft\" src=\"https:\/\/premiolujosostenible.org\/esp\/wp-content\/uploads\/2017\/12\/img005.jpg\"><b>Miguel Angel Gardetti<\/b>, creador y director del Premio al Lujo Sostenible en Am\u00e9rica Latina. Tiene una amplia experiencia en aspectos relacionados al lujo y al desarrollo sustentable. Por sus aportes en esta \u00e1rea, fue premiado \u2013en Febrero de 2015 en Bombay (India)- con el \u201cSustainable Leadership Award\u201d.<\/span><\/p>\n<p style=\"margin: 11px;\"><span style=\"font-size: 11pt; color: #000000;\">&nbsp;<\/span><\/p>\n<\/div>\n<\/figure>\n<\/div>\n<\/div>\n<div class=\"span6\">\n<div class=\"how-we-can-help-wrap\">\n<figure class=\"thumbnail alignnone clearfix\">\n<div class=\"row-fluid\">\n<div class=\"clear\"><\/div>\n<p style=\"margin: 11px;\"><span style=\"font-size: 11pt; color: #000000;\"><img decoding=\"async\" class=\"alignleft\" src=\"https:\/\/premiolujosostenible.org\/esp\/wp-content\/uploads\/2018\/02\/img031.jpg\"><b>Daniel Joutard<\/b>, es el Fundador y CEO de A\u00efny Savoirs des Peuples, una marca francesa de cosm\u00e9tica natural de lujo. A\u00efny fue ganadora del Premio a la Sustentabilidad en el Universo del Lujo en Latinoam\u00e9rica en 2011.<\/span><\/p>\n<p style=\"margin: 11px;\"><span style=\"font-size: 11pt; color: #000000;\">&nbsp;<\/span><\/p>\n<\/div>\n<\/figure>\n<\/div>\n<\/div>\n<\/div>\n","protected":false},"excerpt":{"rendered":"<p>El jurado de la 11va edici\u00f3n es: Roxana Amarilla es comunicadora social. Est\u00e1 al frente del Mercado de Artesan\u00edas Tradicionales de la Argentina. Integra tambi\u00e9n el Observatorio del Valor Artesanal del Centro de Estudios en Cultura, Econom\u00eda y Pol\u00edtica (CECYP), con sede en el Instituto de Investigaciones Gino Germani (UBA). Es Vicepresidente del Consejo Mundial de Artesan\u00edas de la regi\u00f3n&nbsp;<a href=\"https:\/\/premiolujosostenible.org\/esp\/jurado\/\" class=\"read-more\">Seguir leyendo<\/a><\/p>\n","protected":false},"author":2,"featured_media":0,"parent":0,"menu_order":0,"comment_status":"closed","ping_status":"closed","template":"page-fullwidth.php","meta":{"footnotes":""},"class_list":["post-36","page","type-page","status-publish","hentry"],"_links":{"self":[{"href":"https:\/\/premiolujosostenible.org\/esp\/wp-json\/wp\/v2\/pages\/36","targetHints":{"allow":["GET"]}}],"collection":[{"href":"https:\/\/premiolujosostenible.org\/esp\/wp-json\/wp\/v2\/pages"}],"about":[{"href":"https:\/\/premiolujosostenible.org\/esp\/wp-json\/wp\/v2\/types\/page"}],"author":[{"embeddable":true,"href":"https:\/\/premiolujosostenible.org\/esp\/wp-json\/wp\/v2\/users\/2"}],"replies":[{"embeddable":true,"href":"https:\/\/premiolujosostenible.org\/esp\/wp-json\/wp\/v2\/comments?post=36"}],"version-history":[{"count":33,"href":"https:\/\/premiolujosostenible.org\/esp\/wp-json\/wp\/v2\/pages\/36\/revisions"}],"predecessor-version":[{"id":601,"href":"https:\/\/premiolujosostenible.org\/esp\/wp-json\/wp\/v2\/pages\/36\/revisions\/601"}],"wp:attachment":[{"href":"https:\/\/premiolujosostenible.org\/esp\/wp-json\/wp\/v2\/media?parent=36"}],"curies":[{"name":"wp","href":"https:\/\/api.w.org\/{rel}","templated":true}]}}