{"id":32,"date":"2017-12-19T18:08:00","date_gmt":"2017-12-19T18:08:00","guid":{"rendered":"https:\/\/premiolujosostenible.org\/esp\/?page_id=32"},"modified":"2017-12-21T18:23:55","modified_gmt":"2017-12-21T18:23:55","slug":"fundador-y-director","status":"publish","type":"page","link":"https:\/\/premiolujosostenible.org\/esp\/fundador-y-director\/","title":{"rendered":"Fundador y Director"},"content":{"rendered":"<div class=\"row\">\n<div class=\"span12\">\n<div class=\"how-we-can-help-wrap\">\n<figure class=\"thumbnail alignnone clearfix\">\n<div class=\"row-fluid\">\n<div class=\"clear\"><\/div>\n<p style=\"margin: 11px\"><span style=\"font-size: 11pt; color:#000000\"><img decoding=\"async\" class=\"alignleft\" src=\"https:\/\/premiolujosostenible.org\/esp\/wp-content\/uploads\/2017\/12\/img001.jpg\" \/><b>Miguel \u00c1ngel Gardetti, Ph.D.<\/b><\/span><\/p>\n<p style=\"margin: 11px\"><span style=\"font-size: 11pt; color:#000000\">Es Ingeniero Textil (Universidad Tecnol\u00f3gica Nacional -Argentina-). Previo a obtener su grado doctoral en Estados Unidos realiz\u00f3 dos maestr\u00edas: la primera, en Administraci\u00f3n de Empresas en el IAE Business School (Universidad Austral, Argentina) y la segunda, en Estudios Ambientales y Desarrollo Sustentable en la Universidad de Ciencias Empresariales y Sociales (Argentina).<\/span><\/p>\n<p style=\"margin: 11px\"><span style=\"font-size: 11pt; color:#000000\">En el \u00e1rea del <b>lujo sostenible<\/b>, fue fundador del <a href=\"http:\/\/www.lujosustentable.org\/\" target=\"_blank\"><span style=\"color:#376092\"><b>Centro de Estudios para el Lujo Sustentable<\/b><\/span><\/a>, primera iniciativa en el mundo en este \u00e1rea con perfil acad\u00e9mico\/investigativo.  Adem\u00e1s, por sus aportes acad\u00e9micos en esta \u00e1rea \u2013fue <b>editor y coeditor de varios libros en la materia publicados en USA y en UK<\/b>-, fue premiado, en Febrero de 2015 en Bombay (India), con el <b>\u201cSustainable Leadership Award\u201d<\/b> en la categor\u00eda <b>\u201cacademia\u201d<\/b>.<\/span><\/p>\n<p style=\"margin: 11px\"><span style=\"font-size: 11pt; color:#000000\">Es miembro activo del <b>Pacto Mundial<\/b> en Argentina \u2013que es una iniciativa de las Naciones Unidas- integrando en dos oportunidades su \u00f3rgano de gobierno -la Mesa Directiva de la Red Argentina-. Tambi\u00e9n ha sido miembro de la \u201ctask force\u201d que desarroll\u00f3 los <b>\u201cPrincipios para una Educaci\u00f3n Responsable en Management\u201d<\/b> en el marco del Pacto Mundial de Naciones Unidas. Esta \u201ctask force\u201d estuvo integrada por m\u00e1s de 55 reconocidos acad\u00e9micos de todo el mundo, pertenecientes a las m\u00e1s importantes Escuelas de Negocios.<\/span><\/p>\n<p style=\"margin: 11px\"><span style=\"font-size: 11pt; color:#000000\">&nbsp;<\/span><\/p>\n<\/div>\n<\/figure>\n<\/div>\n<\/div>\n<\/div>\n","protected":false},"excerpt":{"rendered":"<p>Miguel \u00c1ngel Gardetti, Ph.D. Es Ingeniero Textil (Universidad Tecnol\u00f3gica Nacional -Argentina-). Previo a obtener su grado doctoral en Estados Unidos realiz\u00f3 dos maestr\u00edas: la primera, en Administraci\u00f3n de Empresas en el IAE Business School (Universidad Austral, Argentina) y la segunda, en Estudios Ambientales y Desarrollo Sustentable en la Universidad de Ciencias Empresariales y Sociales (Argentina). En el \u00e1rea del lujo&nbsp;<a href=\"https:\/\/premiolujosostenible.org\/esp\/fundador-y-director\/\" class=\"read-more\">Seguir leyendo<\/a><\/p>\n","protected":false},"author":2,"featured_media":0,"parent":0,"menu_order":0,"comment_status":"closed","ping_status":"closed","template":"page-fullwidth.php","meta":{"footnotes":""},"class_list":["post-32","page","type-page","status-publish","hentry"],"_links":{"self":[{"href":"https:\/\/premiolujosostenible.org\/esp\/wp-json\/wp\/v2\/pages\/32","targetHints":{"allow":["GET"]}}],"collection":[{"href":"https:\/\/premiolujosostenible.org\/esp\/wp-json\/wp\/v2\/pages"}],"about":[{"href":"https:\/\/premiolujosostenible.org\/esp\/wp-json\/wp\/v2\/types\/page"}],"author":[{"embeddable":true,"href":"https:\/\/premiolujosostenible.org\/esp\/wp-json\/wp\/v2\/users\/2"}],"replies":[{"embeddable":true,"href":"https:\/\/premiolujosostenible.org\/esp\/wp-json\/wp\/v2\/comments?post=32"}],"version-history":[{"count":6,"href":"https:\/\/premiolujosostenible.org\/esp\/wp-json\/wp\/v2\/pages\/32\/revisions"}],"predecessor-version":[{"id":183,"href":"https:\/\/premiolujosostenible.org\/esp\/wp-json\/wp\/v2\/pages\/32\/revisions\/183"}],"wp:attachment":[{"href":"https:\/\/premiolujosostenible.org\/esp\/wp-json\/wp\/v2\/media?parent=32"}],"curies":[{"name":"wp","href":"https:\/\/api.w.org\/{rel}","templated":true}]}}