{"id":300,"date":"2018-12-23T16:08:59","date_gmt":"2018-12-23T16:08:59","guid":{"rendered":"https:\/\/premiolujosostenible.org\/esp\/?page_id=300"},"modified":"2019-01-22T19:30:35","modified_gmt":"2019-01-22T19:30:35","slug":"2018-2","status":"publish","type":"page","link":"https:\/\/premiolujosostenible.org\/esp\/2018-2\/","title":{"rendered":"2018"},"content":{"rendered":"<div class=\"row\">\n<div class=\"span12\">\n<div class=\"how-we-can-help-wrap\">\n<figure class=\"thumbnail alignnone clearfix\">\n<div class=\"row-fluid\">\n<div class=\"clear\"><\/div>\n<p style=\"margin: 11px\"><span style=\"font-size: 11pt; color:#000000\"><b>CATEGOR\u00cdA BIENESTAR<\/b><\/span><\/p>\n<p style=\"margin: 11px\"><span style=\"font-size: 11pt; color:#000000\"><b>Nuna\u00efa<\/b> es una marca de bienestar y belleza.  Ofrece formulaciones 100% naturales y \u00e9ticas derivadas de plantas bot\u00e1nicas sostenibles y provenientes directamente de peque\u00f1os agricultores en la selva amaz\u00f3nica y las monta\u00f1as de los Andes de Per\u00fa. Estos activos vitales se han utilizado durante miles de a\u00f1os para tratar la piel seca y los problemas de salud. Combinan esta sabidur\u00eda ancestral con la moderna tecnolog\u00eda de belleza verde. <a href=\"https:\/\/nunaia.com\/\" target=\"_blank\"><span style=\"color:#376092\"><b>Clickee aqu\u00ed para visitar su website<\/b><\/span><\/a>.<\/span><\/p>\n<p style=\"margin: 11px; text-align:center;\"><span style=\"font-size: 11pt; color:#000000\"><img decoding=\"async\" src=\"https:\/\/premiolujosostenible.org\/esp\/wp-content\/uploads\/2018\/12\/img034.jpg\" \/><\/span><\/p>\n<p style=\"margin: 11px; text-align:center;\"><span style=\"font-size: 9pt; color:#000000\">Ganadores de la 7ma Edici\u00f3n del Premio al Lujo Sostenible en Am\u00e9rica Latina.<\/br>De izquierda a derecha: Ligia G\u00f3mez (Threads of Peru, ganador categor\u00eda moda y Accesorios), Veronica Soto (Tierra Atacama, ganador categor\u00eda hospitalidad), Nicola Connolly (fundadora de Nunaia, ganadora categor\u00eda bienestar), Jerry Toth (reconocimiento al l\u00edder transformacional).<\/span><\/p>\n<p style=\"margin: 11px\"><span style=\"font-size: 11pt; color:#000000\"><b>CATEGOR\u00cdA HOSPITALIDAD<\/b><\/span><\/p>\n<p style=\"margin: 11px\"><span style=\"font-size: 11pt; color:#000000\"><b>TIERRA ATACAMA<\/b>, perteneciente a la cadena Tierra Hotels, ubicado en las afueras del pueblo de San Pedro de Atacama, en el altiplano chileno. El hotel boutique ofrece una experiencia \u00fanica de acercamiento a la naturaleza y todos sus materiales fueron trabajados por artesanos de la zona. <a href=\"https:\/\/tierrahotels.com\/atacama\/\" target=\"_blank\"><span style=\"color:#376092\"><b>Clickee aqu\u00ed para visitar su website<\/b><\/span><\/a>.<\/span><\/p>\n<p style=\"margin: 11px; text-align:center;\"><span style=\"font-size: 11pt; color:#000000\"><img decoding=\"async\" src=\"https:\/\/premiolujosostenible.org\/esp\/wp-content\/uploads\/2018\/12\/img035.jpg\" \/><\/span><\/p>\n<p style=\"margin: 11px; text-align:center;\"><span style=\"font-size: 9pt; color:#000000\">Ganadores, sponsors y miembros del jurado.<\/span><\/p>\n<p style=\"margin: 11px\"><span style=\"font-size: 11pt; color:#000000\"><b>CATEGOR\u00cdA MODA Y ACCESORIOS<\/b><\/span><\/p>\n<p style=\"margin: 11px\"><span style=\"font-size: 11pt; color:#000000\"><b>THREADS OF PERU<\/b>, es una marca que busca conectar el mundo con la artesan\u00eda textil local de los Andes asegurando el comercio justo y empoderando a las mujeres de comunidades peruanas. Los tejidos, sobre todo de alpaca, forman parte de la identidad de los pueblos de los Andes y siguen siendo hoy, fundamentales en su cultura. <a href=\"https:\/\/threadsofperu.com\/\" target=\"_blank\"><span style=\"color:#376092\"><b>Clickee aqu\u00ed para visitar su website<\/b><\/span><\/a>.<\/span><\/p>\n<p style=\"margin: 11px\"><span style=\"font-size: 11pt; color:#000000\"><b>PREMIO HONOR\u00cdFICO al L\u00cdDER TRANSFORMACIONAL<\/b><\/span><\/p>\n<p style=\"margin: 11px\"><span style=\"font-size: 11pt; color:#000000\"><b>GERALD FRANCIS TOTH III<\/b>-Jerry Toth, como se lo conoce habitualmente- naci\u00f3 en Chicago, Estados Unidos.<br \/>\nFascinado con Ecuador, su naturaleza, la selva y al ver que \u00e9sta se encontraba en peligro de desaparecer, co-fund\u00f3 en 2007, Third Millenium Alliance, una organizaci\u00f3n sin fines de lucro, para conservar los \u00faltimos remanentes de selva en la costa ecuatoriana. De esta manera logr\u00f3 crear la Reserva Ecol\u00f3gica Jama-Coaque, que protege 450 hect\u00e1reas de bosque h\u00famedo y nublado.<br \/>\nEl arte y complejidad de cultivar cacao se convirti\u00f3 en su pasi\u00f3n, y con el cacao que cosechaba, comenz\u00f3 a realizar chocolate completamente artesanal. Al interiorizarse en todo este universo, decidi\u00f3 co-fundar To\u2019Ak en 2013 -junto a Carl Schweizer, un dise\u00f1ador Austriaco que vive en Ecuador, y Servio Pachard -cuarta generaci\u00f3n de una familia de agricultores de cacao. Su misi\u00f3n fue cambiar la manera en que el mundo percibe, valora y degusta el chocolate. <a href=\"http:\/\/tmalliance.org\/\" target=\"_blank\"><span style=\"color:#376092\"><b>Clickee aqu\u00ed para visitar <i>Third Millenium Alliance<\/i><\/b><\/span><\/a>. Para To&#8217;AK <a href=\"https:\/\/toakchocolate.com\/\" target=\"_blank\"><span style=\"color:#376092\"><b>clickee aqu\u00ed<\/b><\/span><\/a>.<\/span><\/p>\n<p style=\"margin: 11px; text-align:center;\"><span style=\"font-size: 11pt; color:#000000\"><img decoding=\"async\" src=\"https:\/\/premiolujosostenible.org\/esp\/wp-content\/uploads\/2018\/12\/img036.jpg\" \/><\/span><\/p>\n<p style=\"margin: 11px; text-align:center;\"><span style=\"font-size: 9pt; color:#000000\">Jerry Toth.<\/span><\/p>\n<\/div>\n<\/figure>\n<\/div>\n<\/div>\n<\/div>\n","protected":false},"excerpt":{"rendered":"<p>CATEGOR\u00cdA BIENESTAR Nuna\u00efa es una marca de bienestar y belleza. Ofrece formulaciones 100% naturales y \u00e9ticas derivadas de plantas bot\u00e1nicas sostenibles y provenientes directamente de peque\u00f1os agricultores en la selva amaz\u00f3nica y las monta\u00f1as de los Andes de Per\u00fa. Estos activos vitales se han utilizado durante miles de a\u00f1os para tratar la piel seca y los problemas de salud. Combinan&nbsp;<a href=\"https:\/\/premiolujosostenible.org\/esp\/2018-2\/\" class=\"read-more\">Seguir leyendo<\/a><\/p>\n","protected":false},"author":2,"featured_media":0,"parent":0,"menu_order":0,"comment_status":"closed","ping_status":"closed","template":"page-fullwidth.php","meta":{"footnotes":""},"class_list":["post-300","page","type-page","status-publish","hentry"],"_links":{"self":[{"href":"https:\/\/premiolujosostenible.org\/esp\/wp-json\/wp\/v2\/pages\/300","targetHints":{"allow":["GET"]}}],"collection":[{"href":"https:\/\/premiolujosostenible.org\/esp\/wp-json\/wp\/v2\/pages"}],"about":[{"href":"https:\/\/premiolujosostenible.org\/esp\/wp-json\/wp\/v2\/types\/page"}],"author":[{"embeddable":true,"href":"https:\/\/premiolujosostenible.org\/esp\/wp-json\/wp\/v2\/users\/2"}],"replies":[{"embeddable":true,"href":"https:\/\/premiolujosostenible.org\/esp\/wp-json\/wp\/v2\/comments?post=300"}],"version-history":[{"count":7,"href":"https:\/\/premiolujosostenible.org\/esp\/wp-json\/wp\/v2\/pages\/300\/revisions"}],"predecessor-version":[{"id":320,"href":"https:\/\/premiolujosostenible.org\/esp\/wp-json\/wp\/v2\/pages\/300\/revisions\/320"}],"wp:attachment":[{"href":"https:\/\/premiolujosostenible.org\/esp\/wp-json\/wp\/v2\/media?parent=300"}],"curies":[{"name":"wp","href":"https:\/\/api.w.org\/{rel}","templated":true}]}}