{"id":28,"date":"2017-12-19T18:07:13","date_gmt":"2017-12-19T18:07:13","guid":{"rendered":"https:\/\/premiolujosostenible.org\/esp\/?page_id=28"},"modified":"2021-04-23T12:27:49","modified_gmt":"2021-04-23T12:27:49","slug":"consejo-de-consulta","status":"publish","type":"page","link":"https:\/\/premiolujosostenible.org\/esp\/consejo-de-consulta\/","title":{"rendered":"Consejo de Consulta"},"content":{"rendered":"<div class=\"row\">\n<div class=\"span12\">\n<div class=\"how-we-can-help-wrap\">\n<figure class=\"thumbnail alignnone clearfix\">\n<div class=\"row-fluid\">\n<div class=\"clear\"><\/div>\n<p style=\"margin: 11px\"><span style=\"font-size: 11pt; color:#000000\"><img decoding=\"async\" class=\"alignleft\" src=\"https:\/\/premiolujosostenible.org\/esp\/wp-content\/uploads\/2017\/12\/img029.jpg\" \/><\/span><\/p>\n<p style=\"margin: 11px\"><span style=\"font-size: 11pt; color:#000000\">&nbsp;<\/span><\/p>\n<p style=\"margin: 11px\"><span style=\"font-size: 11pt; color:#000000\"><b>Miguel \u00c1ngel Gardetti, Ph.D.<\/b> Fue fundador del <a href=\"http:\/\/www.lujosustentable.org\/\" target=\"_blank\"><span style=\"color:#376092\"><b>Centro de Estudios para el Lujo Sustentable<\/b><\/span><\/a>, primera iniciativa en el mundo en este \u00e1rea con perfil acad\u00e9mico\/investigativo. Tambi\u00e9n fue fundador del Premio al Lujo Sostenible en Am\u00e9rica Latina del cual es, actualmente, su director.<\/span><\/p>\n<p style=\"margin: 11px\"><span style=\"font-size: 11pt; color:#000000\">&nbsp;<\/span><\/p>\n<p style=\"margin: 11px\"><span style=\"font-size: 11pt; color:#000000\"><b>Daniel Joutard<\/b>, es el Fundador y CEO de <a href=\"http:\/\/en.ainy.fr\" target=\"_blank\"><span style=\"color:#376092\"><b>A\u00efny Savoirs des Peuples<\/b><\/span><\/a>, una marca francesa de cosm\u00e9tica natural de lujo. A\u00efny fue ganadora del Premio al Lujo Sostenible en Am\u00e9rica Latina en 2011.<\/span><\/p>\n<p style=\"margin: 11px\"><span style=\"font-size: 11pt; color:#000000\">&nbsp;<\/span><\/p>\n<\/div>\n<\/figure>\n<\/div>\n<\/div>\n<\/div>\n","protected":false},"excerpt":{"rendered":"<p>&nbsp; Miguel \u00c1ngel Gardetti, Ph.D. Fue fundador del Centro de Estudios para el Lujo Sustentable, primera iniciativa en el mundo en este \u00e1rea con perfil acad\u00e9mico\/investigativo. Tambi\u00e9n fue fundador del Premio al Lujo Sostenible en Am\u00e9rica Latina del cual es, actualmente, su director. &nbsp; Daniel Joutard, es el Fundador y CEO de A\u00efny Savoirs des Peuples, una marca francesa de&nbsp;<a href=\"https:\/\/premiolujosostenible.org\/esp\/consejo-de-consulta\/\" class=\"read-more\">Seguir leyendo<\/a><\/p>\n","protected":false},"author":2,"featured_media":0,"parent":0,"menu_order":0,"comment_status":"closed","ping_status":"closed","template":"page-fullwidth.php","meta":{"footnotes":""},"class_list":["post-28","page","type-page","status-publish","hentry"],"_links":{"self":[{"href":"https:\/\/premiolujosostenible.org\/esp\/wp-json\/wp\/v2\/pages\/28","targetHints":{"allow":["GET"]}}],"collection":[{"href":"https:\/\/premiolujosostenible.org\/esp\/wp-json\/wp\/v2\/pages"}],"about":[{"href":"https:\/\/premiolujosostenible.org\/esp\/wp-json\/wp\/v2\/types\/page"}],"author":[{"embeddable":true,"href":"https:\/\/premiolujosostenible.org\/esp\/wp-json\/wp\/v2\/users\/2"}],"replies":[{"embeddable":true,"href":"https:\/\/premiolujosostenible.org\/esp\/wp-json\/wp\/v2\/comments?post=28"}],"version-history":[{"count":12,"href":"https:\/\/premiolujosostenible.org\/esp\/wp-json\/wp\/v2\/pages\/28\/revisions"}],"predecessor-version":[{"id":388,"href":"https:\/\/premiolujosostenible.org\/esp\/wp-json\/wp\/v2\/pages\/28\/revisions\/388"}],"wp:attachment":[{"href":"https:\/\/premiolujosostenible.org\/esp\/wp-json\/wp\/v2\/media?parent=28"}],"curies":[{"name":"wp","href":"https:\/\/api.w.org\/{rel}","templated":true}]}}