{"id":24,"date":"2017-12-19T18:06:22","date_gmt":"2017-12-19T18:06:22","guid":{"rendered":"https:\/\/premiolujosostenible.org\/esp\/?page_id=24"},"modified":"2019-01-22T19:31:46","modified_gmt":"2019-01-22T19:31:46","slug":"2016-2","status":"publish","type":"page","link":"https:\/\/premiolujosostenible.org\/esp\/2016-2\/","title":{"rendered":"2016"},"content":{"rendered":"<div class=\"row\">\n<div class=\"span12\">\n<div class=\"how-we-can-help-wrap\">\n<figure class=\"thumbnail alignnone clearfix\">\n<div class=\"row-fluid\">\n<div class=\"clear\"><\/div>\n<p style=\"margin: 11px\"><span style=\"font-size: 11pt; color:#000000\"><b>Algunos de los ganadores fueron:<\/b><\/span><\/p>\n<p style=\"margin: 11px\"><span style=\"font-size: 11pt; color:#000000\"><b>Gudrun &#038; Gudrun<\/b> (Islas Faroe, 2016). Fue creada por dos mujeres de las Islas Faroe se caracteriza por la elaboraci\u00f3n artesanal de todas sus prendas de punto. Su ropa  cumple los est\u00e1ndares de los clientes preocupados por los dem\u00e1s, por  el medio ambiente, por los recursos naturales comunes y que adem\u00e1s, desean  estar a la moda. <a href=\"https:\/\/www.gudrungudrun.com\" target=\"_blank\"><span style=\"color:#376092\"><b>Clickee aqu\u00ed para visitar su website<\/b><\/span><\/a>.<\/span><\/p>\n<p style=\"margin: 11px\"><span style=\"font-size: 11pt; color:#000000\"><b>Campi Ya Kanzi<\/b> (Kenia, 2016).  Este Lodge es un lujoso alojamiento de safari situado en las llanuras de Tsavo, al sur de Kenia, que forma parte de una reserva mas\u00e1i de m\u00e1s de 113.000 hect\u00e1reas y es propiedad de la comunidad mas\u00e1i, por lo que una parte de los beneficios va directamente a la tribu. Adem\u00e1s, todas las edificaciones est\u00e1n realizadas con materiales locales. <a href=\"http:\/\/www.maasai.com\/\" target=\"_blank\"><span style=\"color:#376092\"><b>Clickee aqu\u00ed para visitar su website<\/b><\/span><\/a>.<\/span><\/p>\n<p style=\"margin: 11px; text-align:center;\"><span style=\"font-size: 11pt; color:#000000\"><img decoding=\"async\" src=\"https:\/\/premiolujosostenible.org\/esp\/wp-content\/uploads\/2017\/12\/img020.jpg\" \/><\/span><\/p>\n<p style=\"margin: 11px; text-align:center;\"><span style=\"font-size: 9pt; color:#000000\">Ganadores, sponsors y miembros del jurado de la edici\u00f3n 2016.<\/span><\/p>\n<p style=\"margin: 11px\"><span style=\"font-size: 11pt; color:#000000\"><b>Looptworks<\/b> (USA, 2016). Se trata de una empresa americana de Portland que asegura convertir los residuos en algo bello y \u00fatil para su vida cotidiana (recuperaci\u00f3n de material de asientos de avi\u00f3n \u2013obtenidos mediante un convenio con una empresa a\u00e9rea de Alaska- que transforman en bolsos de lujo). Y se reconocen  como pioneros en el enfoque ecol\u00f3gico para el dise\u00f1o y la producci\u00f3n de sus  accesorios. <a href=\"https:\/\/www.looptworks.com\/\" target=\"_blank\"><span style=\"color:#376092\"><b>Clickee aqu\u00ed para visitar su website<\/b><\/span><\/a>.<\/span><\/p>\n<p style=\"margin: 11px; text-align:center;\"><span style=\"font-size: 11pt; color:#000000\"><img decoding=\"async\" src=\"https:\/\/premiolujosostenible.org\/esp\/wp-content\/uploads\/2017\/12\/img021.jpg\" \/><\/span><\/p>\n<p style=\"margin: 11px; text-align:center;\"><span style=\"font-size: 9pt; color:#000000\"><b>Scott Hamlin<\/b> \u2013fundador y director de Loopworks una de las marcas ganadoras en 2016- junto a <b>Miguel A. Gardetti<\/b>, director del Premio al Lujo Sostenible en Am\u00e9rica Latina.<\/span><\/p>\n<p style=\"margin: 11px\"><span style=\"font-size: 11pt; color:#000000\"><b>Kahina Giving Beauty<\/b> (USA), una empresa de productos org\u00e1nicos premium para el cuidado de la piel. La misi\u00f3n en Kahina Giving Beauty es proporcionar  productos de la m\u00e1s alta calidad para el cuidado la piel del rostro y corporal, mientras  se conserva, se protege y se mejora los recursos (naturales, humanos y culturales) que hay  detr\u00e1s de la marca. <a href=\"http:\/\/kahina-givingbeauty.com\" target=\"_blank\"><span style=\"color:#376092\"><b>Clickee aqu\u00ed para visitar su website<\/b><\/span><\/a>.<\/span><\/p>\n<p style=\"margin: 11px\"><span style=\"font-size: 11pt; color:#000000\"><b>Algunos de los honourees fueron:<\/b><\/span><\/p>\n<p style=\"margin: 11px\"><span style=\"font-size: 11pt; color:#000000\"><b>Petit H y Pascale Mussard<\/b> (Francia). Petit H naci\u00f3 en 2009, fruto de la imaginaci\u00f3n y de la filosof\u00eda de Pascale Mussard, directora creativa de Herm\u00e8s y miembro de la sexta generaci\u00f3n de la familia fundadora de la c\u00e9lebre casa. Petit H otorga una nueva vida a los restos de material y piezas defectuosas de la post-producci\u00f3n de Herm\u00e8s -que de otro modo, ser\u00edan destruidos- creando productos como l\u00e1mparas, asientos, objetos decorativos o joyas, como piezas \u00fanicas o series limitadas que forman ya parte de este innovadora propuesta. <a href=\"http:\/\/lesailes.hermes.com\/petith\" target=\"_blank\"><span style=\"color:#376092\"><b>Clickee aqu\u00ed para visitar su website<\/b><\/span><\/a>.<\/span><\/p>\n<p style=\"margin: 11px; text-align:center;\"><span style=\"font-size: 11pt; color:#000000\"><img decoding=\"async\" src=\"https:\/\/premiolujosostenible.org\/esp\/wp-content\/uploads\/2017\/12\/img022.jpg\" \/><\/span><\/p>\n<p style=\"margin: 11px; text-align:center;\"><span style=\"font-size: 9pt; color:#000000\"><b>Pascale Mussard<\/b>, directora creativa de Herm\u00e8s y miembro de la sexta generaci\u00f3n de la familia fundadora de la c\u00e9lebre casa, junto a la gran dise\u00f1adora Peruana <b>Meche Correa<\/b> y a <b>Miguel Angel Gardetti<\/b>, fundador y director del Premio al Lujo Sostenible en Am\u00e9rica Latina.<\/span><\/p>\n<p style=\"margin: 11px\"><span style=\"font-size: 11pt; color:#000000\"><b>Meche Correa<\/b> (Per\u00fa). Dise\u00f1adora y embajadora de la Marca Per\u00fa que  muestra al mundo la creatividad y el arte de su pa\u00eds, su fuerza y su cultura milenaria en el mundo. Meche Correa  trabaja con  artesanos, -en su mayor\u00eda son mujeres del Cusco, Ayacucho, Huancayo, Lima, Cajamarca, la selva y tambi\u00e9n con hombres, que son los responsables de toda la l\u00ednea de joyer\u00eda realizada de hueso y cacho de toro (cuerno)-. En el caso de las mujeres, ellas viven en comunidades urbana con quienes Meche tiene  un compromiso social muy grande, una de las razones de su marca. <a href=\"http:\/\/www.mechecorrea.com\/\" target=\"_blank\"><span style=\"color:#376092\"><b>Clickee aqu\u00ed para visitar su website<\/b><\/span><\/a>.<\/span><\/p>\n<p style=\"margin: 11px; text-align:center;\"><span style=\"font-size: 11pt; color:#000000\"><img decoding=\"async\" src=\"https:\/\/premiolujosostenible.org\/esp\/wp-content\/uploads\/2017\/12\/img023.jpg\" \/><\/span><\/p>\n<p style=\"margin: 11px; text-align:center;\"><span style=\"font-size: 9pt; color:#000000\"><b>Simone Cipriani<\/b> -fundador de <b>\u201cEthical Fashion Initiative\u201d<\/b> y reconocido por ello en 2016- junto a <b>Meche Correa<\/b>.<\/span><\/p>\n<p style=\"margin: 11px\"><span style=\"font-size: 11pt; color:#000000\"><b>Simone Cipriani<\/b> (Italia). Fundador de \u201cEthical Fashion Initiative\u201d, supervisa la promoci\u00f3n del comercio y la incubaci\u00f3n de microempresas creativas dentro de las comunidades marginadas en \u00c1frica y Hait\u00ed. El ITC, -la iniciativa de moda \u00e9tica encabezada por Cipriani- present\u00f3 el proyecto \u201c\u00c1frica \u00c9tica\u201d comenzando en Nairobi y a trav\u00e9s de alianzas con dise\u00f1adores como Vivienne Westwood, o  Stella McCartney, entre otros. <a href=\"http:\/\/ethicalfashioninitiative.org\/\" target=\"_blank\"><span style=\"color:#376092\"><b>Clickee aqu\u00ed para visitar su website<\/b><\/span><\/a>.<\/span><\/p>\n<\/div>\n<\/figure>\n<\/div>\n<\/div>\n<\/div>\n","protected":false},"excerpt":{"rendered":"<p>Algunos de los ganadores fueron: Gudrun &#038; Gudrun (Islas Faroe, 2016). Fue creada por dos mujeres de las Islas Faroe se caracteriza por la elaboraci\u00f3n artesanal de todas sus prendas de punto. Su ropa cumple los est\u00e1ndares de los clientes preocupados por los dem\u00e1s, por el medio ambiente, por los recursos naturales comunes y que adem\u00e1s, desean estar a la&nbsp;<a href=\"https:\/\/premiolujosostenible.org\/esp\/2016-2\/\" class=\"read-more\">Seguir leyendo<\/a><\/p>\n","protected":false},"author":2,"featured_media":0,"parent":0,"menu_order":0,"comment_status":"closed","ping_status":"closed","template":"page-fullwidth.php","meta":{"footnotes":""},"class_list":["post-24","page","type-page","status-publish","hentry"],"_links":{"self":[{"href":"https:\/\/premiolujosostenible.org\/esp\/wp-json\/wp\/v2\/pages\/24","targetHints":{"allow":["GET"]}}],"collection":[{"href":"https:\/\/premiolujosostenible.org\/esp\/wp-json\/wp\/v2\/pages"}],"about":[{"href":"https:\/\/premiolujosostenible.org\/esp\/wp-json\/wp\/v2\/types\/page"}],"author":[{"embeddable":true,"href":"https:\/\/premiolujosostenible.org\/esp\/wp-json\/wp\/v2\/users\/2"}],"replies":[{"embeddable":true,"href":"https:\/\/premiolujosostenible.org\/esp\/wp-json\/wp\/v2\/comments?post=24"}],"version-history":[{"count":7,"href":"https:\/\/premiolujosostenible.org\/esp\/wp-json\/wp\/v2\/pages\/24\/revisions"}],"predecessor-version":[{"id":321,"href":"https:\/\/premiolujosostenible.org\/esp\/wp-json\/wp\/v2\/pages\/24\/revisions\/321"}],"wp:attachment":[{"href":"https:\/\/premiolujosostenible.org\/esp\/wp-json\/wp\/v2\/media?parent=24"}],"curies":[{"name":"wp","href":"https:\/\/api.w.org\/{rel}","templated":true}]}}