{"id":22,"date":"2017-12-19T18:06:08","date_gmt":"2017-12-19T18:06:08","guid":{"rendered":"https:\/\/premiolujosostenible.org\/esp\/?page_id=22"},"modified":"2017-12-21T19:49:40","modified_gmt":"2017-12-21T19:49:40","slug":"2015-2","status":"publish","type":"page","link":"https:\/\/premiolujosostenible.org\/esp\/2015-2\/","title":{"rendered":"2015"},"content":{"rendered":"<div class=\"row\">\n<div class=\"span12\">\n<div class=\"how-we-can-help-wrap\">\n<figure class=\"thumbnail alignnone clearfix\">\n<div class=\"row-fluid\">\n<div class=\"clear\"><\/div>\n<p style=\"margin: 11px\"><span style=\"font-size: 11pt; color:#000000\"><b>Algunos de los ganadores fueron:<\/b><\/span><\/p>\n<p style=\"margin: 11px\"><span style=\"font-size: 11pt; color:#000000\"><b>Knitbrary<\/b> (Espa\u00f1a). Esta firma se caracteriza por la elaboraci\u00f3n artesanal de todas sus prendas utilizando las mejores fibras naturales en los Andes, combinando su dise\u00f1o y especificaciones t\u00e9cnicas con la experiencia de los artesanos  que mejor conoce esas calidades. <a href=\"https:\/\/www.knitbrary.com\/\" target=\"_blank\"><span style=\"color:#376092\"><b>Clickee aqu\u00ed para visitar su website<\/b><\/span><\/a>.<\/span><\/p>\n<p style=\"margin: 11px\"><span style=\"font-size: 11pt; color:#000000\"><b>DeMamiel<\/b> (UK), una empresa inglesa  l\u00edder en cosm\u00e9tica basada en los principios de la medicina china, acupuntura y aromaterapia; y comprometida con el uso de productos hagan el da\u00f1o m\u00ednimo al medio ambiente. <a href=\"https:\/\/www.demamiel.com\/\" target=\"_blank\"><span style=\"color:#376092\"><b>Clickee aqu\u00ed para visitar su website<\/b><\/span><\/a>.<\/span><\/p>\n<p style=\"margin: 11px; text-align:center;\"><span style=\"font-size: 11pt; color:#000000\"><img decoding=\"async\" src=\"https:\/\/premiolujosostenible.org\/esp\/wp-content\/uploads\/2017\/12\/img019.jpg\" \/><\/span><\/p>\n<p style=\"margin: 11px; text-align:center;\"><span style=\"font-size: 9pt; color:#000000\">Los ganadores y miembros del jurado de la edici\u00f3n 2015.<\/span><\/p>\n<p style=\"margin: 11px\"><span style=\"font-size: 11pt; color:#000000\"><b>Masphi Lodge<\/b> (Ecuador). Este  Lodge localizado en la selva ecuatoriana proporciona apoyo a las comunidades que lo rodean a trav\u00e9s del trabajo, la educaci\u00f3n y la colaboraci\u00f3n. <a href=\"https:\/\/www.mashpilodge.com\/\" target=\"_blank\"><span style=\"color:#376092\"><b>Clickee aqu\u00ed para visitar su website<\/b><\/span><\/a>.<\/span><\/p>\n<p style=\"margin: 11px\"><span style=\"font-size: 11pt; color:#000000\"><b>Algunos de los honourees fueron:<\/b><\/span><\/p>\n<p style=\"margin: 11px\"><span style=\"font-size: 11pt; color:#000000\"><b>Tiffany &#038; Co<\/b> (USA). Es una empresa l\u00edder en joyer\u00eda comprometida en la defensa social y del medio ambiente. Fue la primera en adoptar los objetivos de la campa\u00f1a \u201cNo Dirty Gold\u201d consistente en no obtener oro de las minas que no cumplan con est\u00e1ndares sociales y medioambientales. Su proyecto sobre la protecci\u00f3n de los corales es reconocida en todo el mundo. <a href=\"http:\/\/www.tiffany.com\/\" target=\"_blank\"><span style=\"color:#376092\"><b>Clickee aqu\u00ed para visitar su website<\/b><\/span><\/a>.<\/span><\/p>\n<p style=\"margin: 11px\"><span style=\"font-size: 11pt; color:#000000\"><b>Carmen Rion<\/b> (M\u00e9xico), que destac\u00f3 por su trabajo con las comunidades ind\u00edgenas de M\u00e9xico para llevar textiles artesanales al mundo contempor\u00e1neo. Su trabajo ha sido reconocido en capitales de la moda como Par\u00eds o Londres. <a href=\"https:\/\/www.carmenrion.com\/\" target=\"_blank\"><span style=\"color:#376092\"><b>Clickee aqu\u00ed para visitar su website<\/b><\/span><\/a>.<\/span><\/p>\n<p style=\"margin: 11px\"><span style=\"font-size: 11pt; color:#000000\">&nbsp;<\/span><\/p>\n<\/div>\n<\/figure>\n<\/div>\n<\/div>\n<\/div>\n","protected":false},"excerpt":{"rendered":"<p>Algunos de los ganadores fueron: Knitbrary (Espa\u00f1a). Esta firma se caracteriza por la elaboraci\u00f3n artesanal de todas sus prendas utilizando las mejores fibras naturales en los Andes, combinando su dise\u00f1o y especificaciones t\u00e9cnicas con la experiencia de los artesanos que mejor conoce esas calidades. Clickee aqu\u00ed para visitar su website. DeMamiel (UK), una empresa inglesa l\u00edder en cosm\u00e9tica basada en&nbsp;<a href=\"https:\/\/premiolujosostenible.org\/esp\/2015-2\/\" class=\"read-more\">Seguir leyendo<\/a><\/p>\n","protected":false},"author":2,"featured_media":0,"parent":0,"menu_order":0,"comment_status":"closed","ping_status":"closed","template":"page-fullwidth.php","meta":{"footnotes":""},"class_list":["post-22","page","type-page","status-publish","hentry"],"_links":{"self":[{"href":"https:\/\/premiolujosostenible.org\/esp\/wp-json\/wp\/v2\/pages\/22","targetHints":{"allow":["GET"]}}],"collection":[{"href":"https:\/\/premiolujosostenible.org\/esp\/wp-json\/wp\/v2\/pages"}],"about":[{"href":"https:\/\/premiolujosostenible.org\/esp\/wp-json\/wp\/v2\/types\/page"}],"author":[{"embeddable":true,"href":"https:\/\/premiolujosostenible.org\/esp\/wp-json\/wp\/v2\/users\/2"}],"replies":[{"embeddable":true,"href":"https:\/\/premiolujosostenible.org\/esp\/wp-json\/wp\/v2\/comments?post=22"}],"version-history":[{"count":4,"href":"https:\/\/premiolujosostenible.org\/esp\/wp-json\/wp\/v2\/pages\/22\/revisions"}],"predecessor-version":[{"id":219,"href":"https:\/\/premiolujosostenible.org\/esp\/wp-json\/wp\/v2\/pages\/22\/revisions\/219"}],"wp:attachment":[{"href":"https:\/\/premiolujosostenible.org\/esp\/wp-json\/wp\/v2\/media?parent=22"}],"curies":[{"name":"wp","href":"https:\/\/api.w.org\/{rel}","templated":true}]}}