{"id":20,"date":"2017-12-19T18:05:54","date_gmt":"2017-12-19T18:05:54","guid":{"rendered":"https:\/\/premiolujosostenible.org\/esp\/?page_id=20"},"modified":"2019-01-22T19:25:39","modified_gmt":"2019-01-22T19:25:39","slug":"2014-2","status":"publish","type":"page","link":"https:\/\/premiolujosostenible.org\/esp\/2014-2\/","title":{"rendered":"2014"},"content":{"rendered":"<div class=\"row\">\n<div class=\"span12\">\n<div class=\"how-we-can-help-wrap\">\n<figure class=\"thumbnail alignnone clearfix\">\n<div class=\"row-fluid\">\n<div class=\"clear\"><\/div>\n<p style=\"margin: 11px\"><span style=\"font-size: 11pt; color:#000000\"><b>Algunos de los ganadores fueron:<\/b><\/span><\/p>\n<p style=\"margin: 11px\"><span style=\"font-size: 11pt; color:#000000\"><b>SONEVA<\/b> (Tailandia, 2014). Es una cadena de &#8216;resorts&#8217; de lujo pionero en la sostenibilidad en su lucha contra el cambio clim\u00e1tico y en otros aspectos como el de la potabilizaci\u00f3n de agua. Su Reporte de Sostenibilidad (2014-2015) es el primero en el mundo en el sector de la hospitalidad en utilizar el  \u201cTotal Impact Assessment\u201d que traduce los impactos de la compa\u00f1\u00eda en indicadores de \u201cnegocio\u201d. <a href=\"http:\/\/www.soneva.com\/\" target=\"_blank\"><span style=\"color:#376092\"><b>Clickee aqu\u00ed para visitar su website<\/b><\/span><\/a>.<\/span><\/p>\n<p style=\"margin: 11px; text-align:center;\"><span style=\"font-size: 11pt; color:#000000\"><img decoding=\"async\" src=\"https:\/\/premiolujosostenible.org\/esp\/wp-content\/uploads\/2017\/12\/img017.jpg\" \/><\/span><\/p>\n<p style=\"margin: 11px; text-align:center;\"><span style=\"font-size: 9pt; color:#000000\">Los ganadores y de los honorees de la edici\u00f3n 2014 de derecha a izquierda: <b>Claudia Mazzola<\/b> -Spazio Sumanpa (Argentina), <b>Kresse Wesling<\/b> -Elvis &#038; Kresse (Reino Unido)-, <b>Johan Arn\u00f8 Kryger<\/b> -Danish Fashion Institute (Dinamarca)-, <b>Arnfinn Oines<\/b> \u2013Soneva Resort (Maldivia)-, <b>Mar\u00eda Eugenia Gir\u00f3n<\/b> -Observatorio de Productos y Servicios Premium del IE Business School  (Espa\u00f1a)-, <b>Miguel Angel Gardetti<\/b> -Premio al Lujo Sostenible en Am\u00e9rica Latina-, <b>Lisa Montague<\/b> \u2013Loewe- y el Profesor <b>J. Garralda<\/b> (IE Business School, Espa\u00f1a)<\/span><\/p>\n<p style=\"margin: 11px\"><span style=\"font-size: 11pt; color:#000000\"><b>Elvis &#038; Kresse<\/b> (UK). Desde 2005, Elvis &#038; Kresse producen accesorios de lujo, re-creando objetos a partir de los residuos aparentemente in\u00fatiles, combin\u00e1ndolos con la artesan\u00eda tradicional.  Bas\u00e1ndose en la creencia de que compartir hace del mundo un lugar mejor, el 50% de los beneficios de su colecci\u00f3n de objetos realizados a partir de mangueras contra incendios son donados a la organizaci\u00f3n ben\u00e9fica Fire Fighters Charity. <a href=\"https:\/\/www.elvisandkresse.com\/\" target=\"_blank\"><span style=\"color:#376092\"><b>Clickee aqu\u00ed para visitar su website<\/b><\/span><\/a>.<\/span><\/p>\n<p style=\"margin: 11px\"><span style=\"font-size: 11pt; color:#000000\"><b>Algunos de los honourees fueron:<\/b><\/span><\/p>\n<p style=\"margin: 11px\"><span style=\"font-size: 11pt; color:#000000\"><b>Danish Fashion Institute<\/b> (Dinamarca), por promover y desarrollar la necesidad de integrar la sostenibilidad y la responsabilidad social en el negocio de la moda a trav\u00e9s de eventos internacionales como la Copenhagen Fashion Summit integramente dedicada a la moda y a la sostenibilidad y apoyada por Her Royal Highness Crown Princess Mary of Denmark. <a href=\"http:\/\/www.danishfashioninstitute.dk\/\" target=\"_blank\"><span style=\"color:#376092\"><b>Clickee aqu\u00ed para visitar su website<\/b><\/span><\/a>.<\/span><\/p>\n<p style=\"margin: 11px\"><span style=\"font-size: 11pt; color:#000000\"><b>LOEWE<\/b> (Espa\u00f1a). Difunde la tradici\u00f3n artesanal espa\u00f1ola y se esfuerza por conservar los oficios tradicionales de trabajar la piel, cuidando cada paso de la producci\u00f3n. Su labor responsable y sostenible se recoge en la gesti\u00f3n de su cadena de provisi\u00f3n trabajando incluso con una cooperativa del a\u00f1o 1200. Ha sido la primera marca dentro del Grupo LVMH que ha publicado una memoria de sostenibilidad. <a href=\"http:\/\/www.loewe.com\/\" target=\"_blank\"><span style=\"color:#376092\"><b>Clickee aqu\u00ed para visitar su website<\/b><\/span><\/a>.<\/span><\/p>\n<p style=\"margin: 11px; text-align:center;\"><span style=\"font-size: 11pt; color:#000000\"><img decoding=\"async\" src=\"https:\/\/premiolujosostenible.org\/esp\/wp-content\/uploads\/2017\/12\/img018.jpg\" \/><\/span><\/p>\n<p style=\"margin: 11px; text-align:center;\"><span style=\"font-size: 9pt; color:#000000\">Al centro: <b>Mar\u00eda Eugenia Gir\u00f3n, Miguel Angel Gardetti, Lisa Montague<\/b> -CEO de Loewe- acompa\u00f1ados por todo el <b>equipo de Sustentabilidad de la compa\u00f1\u00eda<\/b>.<\/span><\/p>\n<p style=\"margin: 11px\"><span style=\"font-size: 11pt; color:#000000\"><b>Spazio Sumanpa<\/b> (Argentina). ayudando a generar ingresos sostenibles que tambi\u00e9n sean suficientes para las mujeres de la provincia de Santiago del Estero (Argentina), a trav\u00e9s de la difusi\u00f3n del arte textil ancestral de gran valor hist\u00f3rico y cultural.<\/span><\/p>\n<p style=\"margin: 11px\"><span style=\"font-size: 11pt; color:#000000\">&nbsp;<\/span><\/p>\n<\/div>\n<\/figure>\n<\/div>\n<\/div>\n<\/div>\n","protected":false},"excerpt":{"rendered":"<p>Algunos de los ganadores fueron: SONEVA (Tailandia, 2014). Es una cadena de &#8216;resorts&#8217; de lujo pionero en la sostenibilidad en su lucha contra el cambio clim\u00e1tico y en otros aspectos como el de la potabilizaci\u00f3n de agua. Su Reporte de Sostenibilidad (2014-2015) es el primero en el mundo en el sector de la hospitalidad en utilizar el \u201cTotal Impact Assessment\u201d&nbsp;<a href=\"https:\/\/premiolujosostenible.org\/esp\/2014-2\/\" class=\"read-more\">Seguir leyendo<\/a><\/p>\n","protected":false},"author":2,"featured_media":0,"parent":0,"menu_order":0,"comment_status":"closed","ping_status":"closed","template":"page-fullwidth.php","meta":{"footnotes":""},"class_list":["post-20","page","type-page","status-publish","hentry"],"_links":{"self":[{"href":"https:\/\/premiolujosostenible.org\/esp\/wp-json\/wp\/v2\/pages\/20","targetHints":{"allow":["GET"]}}],"collection":[{"href":"https:\/\/premiolujosostenible.org\/esp\/wp-json\/wp\/v2\/pages"}],"about":[{"href":"https:\/\/premiolujosostenible.org\/esp\/wp-json\/wp\/v2\/types\/page"}],"author":[{"embeddable":true,"href":"https:\/\/premiolujosostenible.org\/esp\/wp-json\/wp\/v2\/users\/2"}],"replies":[{"embeddable":true,"href":"https:\/\/premiolujosostenible.org\/esp\/wp-json\/wp\/v2\/comments?post=20"}],"version-history":[{"count":5,"href":"https:\/\/premiolujosostenible.org\/esp\/wp-json\/wp\/v2\/pages\/20\/revisions"}],"predecessor-version":[{"id":318,"href":"https:\/\/premiolujosostenible.org\/esp\/wp-json\/wp\/v2\/pages\/20\/revisions\/318"}],"wp:attachment":[{"href":"https:\/\/premiolujosostenible.org\/esp\/wp-json\/wp\/v2\/media?parent=20"}],"curies":[{"name":"wp","href":"https:\/\/api.w.org\/{rel}","templated":true}]}}