{"id":17,"date":"2017-12-19T18:05:15","date_gmt":"2017-12-19T18:05:15","guid":{"rendered":"https:\/\/premiolujosostenible.org\/esp\/?page_id=17"},"modified":"2019-01-22T19:24:10","modified_gmt":"2019-01-22T19:24:10","slug":"2013-2","status":"publish","type":"page","link":"https:\/\/premiolujosostenible.org\/esp\/2013-2\/","title":{"rendered":"2013"},"content":{"rendered":"<div class=\"row\">\n<div class=\"span12\">\n<div class=\"how-we-can-help-wrap\">\n<figure class=\"thumbnail alignnone clearfix\">\n<div class=\"row-fluid\">\n<div class=\"clear\"><\/div>\n<p style=\"margin: 11px\"><span style=\"font-size: 11pt; color:#000000\"><b>Algunos de los ganadores fueron:<\/b><\/span><\/p>\n<p style=\"margin: 11px; text-align:center;\"><span style=\"font-size: 11pt; color:#000000\"><img decoding=\"async\" src=\"https:\/\/premiolujosostenible.org\/esp\/wp-content\/uploads\/2017\/12\/img013.jpg\" \/><\/span><\/p>\n<p style=\"margin: 11px; text-align:center;\"><span style=\"font-size: 9pt; color:#000000\">Los ganadores (de derecha a izquierda en la primera fila): <b>Paulina Robson<\/b> \u2013Paulina Robson Handbags (Chile)-, <b>Alan Frampton<\/b> \u2013CRED Jewellery (Reino Unido), <b>Oskar Metsavaht<\/b> \u2013OSKLEN (Brasil), <b>Eduardo Segura<\/b> -La Becasina (Argentina)<\/span><\/p>\n<p style=\"margin: 11px\"><span style=\"font-size: 11pt; color:#000000\"><b>Eden Diodatti<\/b> (UK). Esta marca de moda de lujo sostenible trabaja con una cooperativa de mujeres que sobrevivieron al genocidio de Ruanda y con una cooperativa -en Italia- de personas con diversos tipos de discapacidades. <a href=\"http:\/\/www.edendiodati.com\/comingsoon\/index.html\" target=\"_blank\"><span style=\"color:#376092\"><b>Clickee aqu\u00ed para visitar su website<\/b><\/span><\/a>.<\/span><\/p>\n<p style=\"margin: 11px; text-align:center;\"><span style=\"font-size: 11pt; color:#000000\"><img decoding=\"async\" src=\"https:\/\/premiolujosostenible.org\/esp\/wp-content\/uploads\/2017\/12\/img014.jpg\" \/><\/span><\/p>\n<p style=\"margin: 11px; text-align:center;\"><span style=\"font-size: 9pt; color:#000000\">De derecha a izquierda: <b>Eduardo Escobedo<\/b> \u2013director de RESP, Responsible Ecosystem Sourcing Platform (Suiza)-, <b>Miguel Angel Gardetti<\/b>, fundador y director del Premio al Lujo Sostenible en Am\u00e9rica Latina y <b>Mar\u00eda Eugenia Gir\u00f3n<\/b> -directora del Observatorio de Productos y Servicios Premium del IE Business School  (Espa\u00f1a)<\/span><\/p>\n<p style=\"margin: 11px\"><span style=\"font-size: 11pt; color:#000000\"><b>CRED<\/b> (UK) ha estado a la vanguardia de la transformaci\u00f3n de la industria de la joyer\u00eda durante los \u00faltimos 15 a\u00f1os. El oro Fairtrade vendido por CRED es el \u00fanico oro en el mercado que posee una auditor\u00eda de terceras partes, que identifica de d\u00f3nde viene y c\u00f3mo fue producido. La mayor parte del oro que utiliza actualmente esta joyer\u00eda proviene de \u00abSotrami\u00bb en Per\u00fa, una comunidad que trabaja para el beneficio del pueblo de Santa Filamino. El dinero generado por las primas ha sido destinado a la mejora de la educaci\u00f3n en las escuelas, a mejorar las condiciones sanitarias y la atenci\u00f3n m\u00e9dica, y a una tienda cooperativa que permite comprar comida m\u00e1s econ\u00f3mica. <a href=\"http:\/\/credjewellery.com\/\" target=\"_blank\"><span style=\"color:#376092\"><b>Clickee aqu\u00ed para visitar su website<\/b><\/span><\/a>.<\/span><\/p>\n<p style=\"margin: 11px; text-align:center;\"><span style=\"font-size: 11pt; color:#000000\"><img decoding=\"async\" src=\"https:\/\/premiolujosostenible.org\/esp\/wp-content\/uploads\/2017\/12\/img015.jpg\" \/><\/span><\/p>\n<p style=\"margin: 11px; text-align:center;\"><span style=\"font-size: 9pt; color:#000000\"><b>Alan Frampton<\/b> \u2013CEO de CRED Jewellery (Reino Unido)<\/span><\/p>\n<p style=\"margin: 11px\"><span style=\"font-size: 11pt; color:#000000\"><b>Paulina Robson Handbags<\/b> (Chile). Creada por Paulina Robson, dise\u00f1a accesorios de lujo a partir de pieles que provienen de los restos de la industria del salm\u00f3n. Hechas a mano en Chile, por un grupo de artesanos locales y experimentados, comprometidos con la calidad de cada pieza, las colecciones de Paulina son piezas de lujo atemporales: de estilo muy cl\u00e1sico, frescas, contempor\u00e1neas y aut\u00e9nticas. Su forma de hacer negocios, implica respetar verdaderamente a su gente y al medio ambiente en todos los aspectos de su cadena de producci\u00f3n. <a href=\"https:\/\/paulinarobson.com\" target=\"_blank\"><span style=\"color:#376092\"><b>Clickee aqu\u00ed para visitar su website<\/b><\/span><\/a>.<\/span><\/p>\n<p style=\"margin: 11px\"><span style=\"font-size: 11pt; color:#000000\"><b>La Becasina Delta Lodge<\/b> (Argentina) es un exclusivo Hotel del Delta del R\u00edo Paran\u00e1 (San Fernando, Buenos Aires, Argentina). Pensado para el descanso, la privacidad o para realizar exclusivas reuniones de trabajo. Abarcando ambos m\u00e1rgenes del Arroyo Las Ca\u00f1as, la propiedad se caracteriza por la naturaleza semi-salvaje as\u00ed como por la escasa poblaci\u00f3n. <a href=\"http:\/\/www.labecasina.com\" target=\"_blank\"><span style=\"color:#376092\"><b>Clickee aqu\u00ed para visitar su website<\/b><\/span><\/a>.<\/span><\/p>\n<p style=\"margin: 11px\"><span style=\"font-size: 11pt; color:#000000\"><b>Algunos de los honourees fueron:<\/b><\/span><\/p>\n<p style=\"margin: 11px; text-align:center;\"><span style=\"font-size: 11pt; color:#000000\"><img decoding=\"async\" src=\"https:\/\/premiolujosostenible.org\/esp\/wp-content\/uploads\/2017\/12\/img016.jpg\" \/><\/span><\/p>\n<p style=\"margin: 11px; text-align:center;\"><span style=\"font-size: 9pt; color:#000000\"><b>Oskar Metsavaht<\/b> \u2013fundador y CEO de OSKLEN (Brasil)<\/span><\/p>\n<p style=\"margin: 11px\"><span style=\"font-size: 11pt; color:#000000\"><b>OSKLEN<\/b> (Brasil, 2013) es una marca brasile\u00f1a que cree que la moda y dise\u00f1o son potenciales herramientas para promover el desarrollo sostenible en Brasil. Oskar Metsavaht, fundador y director creativo de OSKLEN y tambi\u00e9n Embajador de Buena Voluntad de UNESCO, est\u00e1 dispuesto a promover el patrimonio brasile\u00f1o detr\u00e1s de su marca, as\u00ed como a apoyar los esfuerzos tendientes a proteger el medio ambiente local. Osklen fue nominado como \u00abHacedor del Futuro\u00bb en el informe \u00abDeeper Luxury\u201d publicado por WWF-UK. Adem\u00e1s, la compa\u00f1\u00eda promueve varios proyectos ambientales tales como el de \u00abConservaci\u00f3n Costera de Brasil\u00bb y el proyecto TRACES en colaboraci\u00f3n con el Ministerio Italiano de Medio Ambiente. <a href=\"http:\/\/osklen.com\/\" target=\"_blank\"><span style=\"color:#376092\"><b>Clickee aqu\u00ed para visitar su website<\/b><\/span><\/a>.<\/span><\/p>\n<\/div>\n<\/figure>\n<\/div>\n<\/div>\n<\/div>\n","protected":false},"excerpt":{"rendered":"<p>Algunos de los ganadores fueron: Los ganadores (de derecha a izquierda en la primera fila): Paulina Robson \u2013Paulina Robson Handbags (Chile)-, Alan Frampton \u2013CRED Jewellery (Reino Unido), Oskar Metsavaht \u2013OSKLEN (Brasil), Eduardo Segura -La Becasina (Argentina) Eden Diodatti (UK). Esta marca de moda de lujo sostenible trabaja con una cooperativa de mujeres que sobrevivieron al genocidio de Ruanda y con&nbsp;<a href=\"https:\/\/premiolujosostenible.org\/esp\/2013-2\/\" class=\"read-more\">Seguir leyendo<\/a><\/p>\n","protected":false},"author":2,"featured_media":0,"parent":0,"menu_order":0,"comment_status":"closed","ping_status":"closed","template":"page-fullwidth.php","meta":{"footnotes":""},"class_list":["post-17","page","type-page","status-publish","hentry"],"_links":{"self":[{"href":"https:\/\/premiolujosostenible.org\/esp\/wp-json\/wp\/v2\/pages\/17","targetHints":{"allow":["GET"]}}],"collection":[{"href":"https:\/\/premiolujosostenible.org\/esp\/wp-json\/wp\/v2\/pages"}],"about":[{"href":"https:\/\/premiolujosostenible.org\/esp\/wp-json\/wp\/v2\/types\/page"}],"author":[{"embeddable":true,"href":"https:\/\/premiolujosostenible.org\/esp\/wp-json\/wp\/v2\/users\/2"}],"replies":[{"embeddable":true,"href":"https:\/\/premiolujosostenible.org\/esp\/wp-json\/wp\/v2\/comments?post=17"}],"version-history":[{"count":5,"href":"https:\/\/premiolujosostenible.org\/esp\/wp-json\/wp\/v2\/pages\/17\/revisions"}],"predecessor-version":[{"id":317,"href":"https:\/\/premiolujosostenible.org\/esp\/wp-json\/wp\/v2\/pages\/17\/revisions\/317"}],"wp:attachment":[{"href":"https:\/\/premiolujosostenible.org\/esp\/wp-json\/wp\/v2\/media?parent=17"}],"curies":[{"name":"wp","href":"https:\/\/api.w.org\/{rel}","templated":true}]}}