{"id":15,"date":"2017-12-19T18:04:51","date_gmt":"2017-12-19T18:04:51","guid":{"rendered":"https:\/\/premiolujosostenible.org\/esp\/?page_id=15"},"modified":"2019-01-22T19:22:39","modified_gmt":"2019-01-22T19:22:39","slug":"2012-2","status":"publish","type":"page","link":"https:\/\/premiolujosostenible.org\/esp\/2012-2\/","title":{"rendered":"2012"},"content":{"rendered":"<div class=\"row\">\n<div class=\"span12\">\n<div class=\"how-we-can-help-wrap\">\n<figure class=\"thumbnail alignnone clearfix\">\n<div class=\"row-fluid\">\n<div class=\"clear\"><\/div>\n<p style=\"margin: 11px\"><span style=\"font-size: 11pt; color:#000000\"><b>Algunos de los ganadores fueron:<\/b><\/span><\/p>\n<p style=\"margin: 11px\"><span style=\"font-size: 11pt; color:#000000\"><b>BottleTop<\/b> (UK). La compa\u00f1\u00eda fue creada por Oliver Wayman y Cameron Saul. Recicla parte de las latas de alumnio de gaseosas y produce accesorios de moda con las mujeres indigentes de las favelas de Salvador (Bah\u00eda, Brasil). Una de sus l\u00edneas -producto de la asociaci\u00f3n con el famoso dise\u00f1ador Narciso Rodriguez- les vali\u00f3 la certificaci\u00f3n Green Carpet Chellenge otorgada por Livia Firth. <a href=\"http:\/\/bottletop.org\/\" target=\"_blank\"><span style=\"color:#376092\"><b>Clickee aqu\u00ed para visitar su website<\/b><\/span><\/a>.<\/span><\/p>\n<p style=\"margin: 11px; text-align:center;\"><span style=\"font-size: 11pt; color:#000000\"><img decoding=\"async\" src=\"https:\/\/premiolujosostenible.org\/esp\/wp-content\/uploads\/2017\/12\/img012.jpg\" \/><\/span><\/p>\n<p style=\"margin: 11px; text-align:center;\"><span style=\"font-size: 9pt; color:#000000\">Los ganadores (de derecha a izquierda): <b>Oliver Wayman<\/b> \u2013BottleTop (Reino Unido)-, <b>Chlo\u00e9 Gouyon<\/b> -JEM, Jewellery Ethical Minded (Francia), <b>Diana Verde Nieto<\/b> \u2013Positive Luxury (Reino Unido)- junto a <b>Mar\u00eda Eugenia Gir\u00f3n<\/b> -directora del Observatorio de Productos y Servicios Premium del IE Business School  (Espa\u00f1a)-,  y <b>Miguel Angel Gardetti<\/b>, fundador y director del Premio al Lujo Sostenible en Am\u00e9rica Latina<\/span><\/p>\n<p style=\"margin: 11px\"><span style=\"font-size: 11pt; color:#000000\"><b>Diana Verde Nieto<\/b> (UK). Comunicadora de origen argentino en temas de sustentabilidad y lujo, quien est\u00e1 radicada en el Reino Unido desde hace casi 25 a\u00f1os. En 2011 fund\u00f3 \u00abPositive Luxury\u00bb, la primera gu\u00eda online de Reino Unido destinada a que los consumidores vivan positivamente. El sitio salva la brecha entre la Responsabilidad Social Corporativa y el Marketing brindando a los consumidores la posibilidad de acceder a las acciones sociales y ambientales de las marcas en un lenguaje simple y llano, permiti\u00e9ndoles as\u00ed tomar decisiones informadas al momento de la compra. Diana Verde Nieto es consejera de la comunidad Young Global Leader del Foro Econ\u00f3mico Mundial y miembro de la Global Agenda Council for Sustainable Consumption. <a href=\"http:\/\/www.positiveluxury.com\/\" target=\"_blank\"><span style=\"color:#376092\"><b>Clickee aqu\u00ed para visitar su website<\/b><\/span><\/a>.<\/span><\/p>\n<p style=\"margin: 11px\"><span style=\"font-size: 11pt; color:#000000\"><b>JEM<\/b> -Jewellery Ethically Minded- (Francia). Sus valores centrales son un profundo compromiso \u00e9tico y el deseo de crear una nueva cadena de joyer\u00eda con total respeto por la humanidad y por la naturaleza. La marca se abastece del oro -principal metal de las colecciones de JEM- de dos fuentes: del oro \u00e9tico y de los canales de abastecimiento de oro reciclado. El oro \u00e9tico proviene de minas artesanales de Latinoam\u00e9rica que poseen la certificaci\u00f3n \u00abFairtrade &#038; Fairmined\u00bb. El oro reciclado, completa el enfoque social de JEM en las comunidades mineras de Latinoam\u00e9rica. El oro de JEM puede ser rastreado completamente desde la extracci\u00f3n hasta la distribuci\u00f3n. A cada pieza de JEM se le asigna un n\u00famero de lote para asegurar la trazabilidad del oro usado en su manufactura. <a href=\"http:\/\/www.jem-paris.com\" target=\"_blank\"><span style=\"color:#376092\"><b>Clickee aqu\u00ed para visitar su website<\/b><\/span><\/a>.<\/span><\/p>\n<p style=\"margin: 11px\"><span style=\"font-size: 11pt; color:#000000\">&nbsp;<\/span><\/p>\n<\/div>\n<\/figure>\n<\/div>\n<\/div>\n<\/div>\n","protected":false},"excerpt":{"rendered":"<p>Algunos de los ganadores fueron: BottleTop (UK). La compa\u00f1\u00eda fue creada por Oliver Wayman y Cameron Saul. Recicla parte de las latas de alumnio de gaseosas y produce accesorios de moda con las mujeres indigentes de las favelas de Salvador (Bah\u00eda, Brasil). Una de sus l\u00edneas -producto de la asociaci\u00f3n con el famoso dise\u00f1ador Narciso Rodriguez- les vali\u00f3 la certificaci\u00f3n&nbsp;<a href=\"https:\/\/premiolujosostenible.org\/esp\/2012-2\/\" class=\"read-more\">Seguir leyendo<\/a><\/p>\n","protected":false},"author":2,"featured_media":0,"parent":0,"menu_order":0,"comment_status":"closed","ping_status":"closed","template":"page-fullwidth.php","meta":{"footnotes":""},"class_list":["post-15","page","type-page","status-publish","hentry"],"_links":{"self":[{"href":"https:\/\/premiolujosostenible.org\/esp\/wp-json\/wp\/v2\/pages\/15","targetHints":{"allow":["GET"]}}],"collection":[{"href":"https:\/\/premiolujosostenible.org\/esp\/wp-json\/wp\/v2\/pages"}],"about":[{"href":"https:\/\/premiolujosostenible.org\/esp\/wp-json\/wp\/v2\/types\/page"}],"author":[{"embeddable":true,"href":"https:\/\/premiolujosostenible.org\/esp\/wp-json\/wp\/v2\/users\/2"}],"replies":[{"embeddable":true,"href":"https:\/\/premiolujosostenible.org\/esp\/wp-json\/wp\/v2\/comments?post=15"}],"version-history":[{"count":5,"href":"https:\/\/premiolujosostenible.org\/esp\/wp-json\/wp\/v2\/pages\/15\/revisions"}],"predecessor-version":[{"id":316,"href":"https:\/\/premiolujosostenible.org\/esp\/wp-json\/wp\/v2\/pages\/15\/revisions\/316"}],"wp:attachment":[{"href":"https:\/\/premiolujosostenible.org\/esp\/wp-json\/wp\/v2\/media?parent=15"}],"curies":[{"name":"wp","href":"https:\/\/api.w.org\/{rel}","templated":true}]}}