{"id":13,"date":"2017-12-19T18:04:26","date_gmt":"2017-12-19T18:04:26","guid":{"rendered":"https:\/\/premiolujosostenible.org\/esp\/?page_id=13"},"modified":"2017-12-21T19:32:55","modified_gmt":"2017-12-21T19:32:55","slug":"2011-2","status":"publish","type":"page","link":"https:\/\/premiolujosostenible.org\/esp\/2011-2\/","title":{"rendered":"2011"},"content":{"rendered":"<div class=\"row\">\n<div class=\"span12\">\n<div class=\"how-we-can-help-wrap\">\n<figure class=\"thumbnail alignnone clearfix\">\n<div class=\"row-fluid\">\n<div class=\"clear\"><\/div>\n<p style=\"margin: 11px\"><span style=\"font-size: 11pt; color:#000000\"><b>Algunos de los ganadores fueron:<\/b><\/span><\/p>\n<p style=\"margin: 11px\"><span style=\"font-size: 11pt; color:#000000\"><b>Pachacuti<\/b> (UK). Esta compa\u00f1\u00eda fabrica los denominados \u201csombreros de Panam\u00e1\u201d con comunidades ind\u00edgenas de Ecuador (m\u00e1s precisamente los Quechua). M\u00e1s tarde y a partir del colapso del edificio Rana Plaza en Bangladesh, Carry Sommers \u2013fundadora de Pachacuti- cre\u00f3 la iniciativa del \u201cFashion Revolution Day\u201d en memoria de los m\u00e1s de 1200 trabajodres muertos en ese siniestro. Esta iniciativa se ha extendido a m\u00e1s de 62 pa\u00edses. <a href=\"https:\/\/www.panamas.co.uk\/\" target=\"_blank\"><span style=\"color:#376092\"><b>Clickee aqu\u00ed para visitar su website<\/b><\/span><\/a>.<\/span><\/p>\n<p style=\"margin: 11px; text-align:center;\"><span style=\"font-size: 11pt; color:#000000\"><img decoding=\"async\" src=\"https:\/\/premiolujosostenible.org\/esp\/wp-content\/uploads\/2017\/12\/img010.jpg\" \/><\/span><\/p>\n<p style=\"margin: 11px; text-align:center;\"><span style=\"font-size: 9pt; color:#000000\"><b>Evelyn Hotter<\/b> (derecha) \u2013fundadora y directora de Estancia Peuma Hue (Bariloche, Argentina) con el Premio en la categor\u00eda \u201cTurismo\u201d. La acompa\u00f1an su hija y <b>Mar\u00eda Eugenia Gir\u00f3n<\/b><\/span><\/p>\n<p style=\"margin: 11px\"><span style=\"font-size: 11pt; color:#000000\"><b>A\u00efny Savoirs Des Peuple<\/b> (Francia). Creada por Daniel Joutard, produce cosm\u00e9ticos desarrollados a partir de la combinaci\u00f3n de plantas \u00absagradas\u00bb de Per\u00fa y Ecuador. Estos productos -que son org\u00e1nicos y no son testeados en animales- se comercializan en Europa como productos de lujo. Daniel promueve el desarrollo sustentable y en esa l\u00ednea, la empresa ha celebrado acuerdos de colaboraci\u00f3n con comunidades ind\u00edgenas de los pa\u00edses mencionados luchando, incluso contra la \u201cbiopirater\u00eda\u201d. <a href=\"http:\/\/www.ainy.fr\/\" target=\"_blank\"><span style=\"color:#376092\"><b>Clickee aqu\u00ed para visitar su website<\/b><\/span><\/a>.<\/span><\/p>\n<p style=\"margin: 11px; text-align:center;\"><span style=\"font-size: 11pt; color:#000000\"><img decoding=\"async\" src=\"https:\/\/premiolujosostenible.org\/esp\/wp-content\/uploads\/2017\/12\/img011.jpg\" \/><\/span><\/p>\n<p style=\"margin: 11px; text-align:center;\"><span style=\"font-size: 9pt; color:#000000\"><b>Dana Thomas<\/b> (Estados Unidos), <b>Miguel Angel Gardetti<\/b> (Argentina), <b>Mar\u00eda Eugenia Gir\u00f3n<\/b> (Espa\u00f1a) y <b>Jem Bendell<\/b> (Reino Unido)<\/b><\/span><\/p>\n<p style=\"margin: 11px\"><span style=\"font-size: 11pt; color:#000000\"><b>Estancia Peuma Hue<\/b> (Argentina), se trata de un eco-resort de lujo ubicado dentro del Parque Nacional Nahuel Huapi, en cercan\u00edas de la ciudad de San Carlos de Bariloche, Argentina. Adem\u00e1s del hospedaje, brinda actividades y distintos tipos de experiencias desde hace 12 a\u00f1os sobre la base de un modelo que integra valores \u00e9ticos, sociales, medioambientales, de salud, servicios y econ\u00f3micos a favor de la comunidad y sus alrededores. Como emprendimiento privado familiar, se impuso lograr todo lo posible con recursos propios y respetando las reglas del parque nacional y las disposiciones aplicables a ese sector. Tambi\u00e9n se dedic\u00f3 a la preservaci\u00f3n de las especies aut\u00f3ctonas (coihue, cipr\u00e9s, lenga, \u00f1ire, etc.) y al control de especies invasoras, la eliminaci\u00f3n de la caza furtiva, de la preservaci\u00f3n de las aguas y del h\u00e1bitat de las aves nativas. Para ello, hace hincapi\u00e9 en el manejo consciente y el cuidado de los recursos naturales que se inicia con la capacitaci\u00f3n de su personal. <a href=\"http:\/\/www.peuma-hue.com\/es\/\" target=\"_blank\"><span style=\"color:#376092\"><b>Clickee aqu\u00ed para visitar su website<\/b><\/span><\/a>.<\/span><\/p>\n<\/div>\n<\/figure>\n<\/div>\n<\/div>\n<\/div>\n","protected":false},"excerpt":{"rendered":"<p>Algunos de los ganadores fueron: Pachacuti (UK). Esta compa\u00f1\u00eda fabrica los denominados \u201csombreros de Panam\u00e1\u201d con comunidades ind\u00edgenas de Ecuador (m\u00e1s precisamente los Quechua). M\u00e1s tarde y a partir del colapso del edificio Rana Plaza en Bangladesh, Carry Sommers \u2013fundadora de Pachacuti- cre\u00f3 la iniciativa del \u201cFashion Revolution Day\u201d en memoria de los m\u00e1s de 1200 trabajodres muertos en ese&nbsp;<a href=\"https:\/\/premiolujosostenible.org\/esp\/2011-2\/\" class=\"read-more\">Seguir leyendo<\/a><\/p>\n","protected":false},"author":2,"featured_media":0,"parent":0,"menu_order":0,"comment_status":"closed","ping_status":"closed","template":"page-fullwidth.php","meta":{"footnotes":""},"class_list":["post-13","page","type-page","status-publish","hentry"],"_links":{"self":[{"href":"https:\/\/premiolujosostenible.org\/esp\/wp-json\/wp\/v2\/pages\/13","targetHints":{"allow":["GET"]}}],"collection":[{"href":"https:\/\/premiolujosostenible.org\/esp\/wp-json\/wp\/v2\/pages"}],"about":[{"href":"https:\/\/premiolujosostenible.org\/esp\/wp-json\/wp\/v2\/types\/page"}],"author":[{"embeddable":true,"href":"https:\/\/premiolujosostenible.org\/esp\/wp-json\/wp\/v2\/users\/2"}],"replies":[{"embeddable":true,"href":"https:\/\/premiolujosostenible.org\/esp\/wp-json\/wp\/v2\/comments?post=13"}],"version-history":[{"count":12,"href":"https:\/\/premiolujosostenible.org\/esp\/wp-json\/wp\/v2\/pages\/13\/revisions"}],"predecessor-version":[{"id":206,"href":"https:\/\/premiolujosostenible.org\/esp\/wp-json\/wp\/v2\/pages\/13\/revisions\/206"}],"wp:attachment":[{"href":"https:\/\/premiolujosostenible.org\/esp\/wp-json\/wp\/v2\/media?parent=13"}],"curies":[{"name":"wp","href":"https:\/\/api.w.org\/{rel}","templated":true}]}}