{"id":49,"date":"2017-12-27T15:51:15","date_gmt":"2017-12-27T15:51:15","guid":{"rendered":"https:\/\/premiolujosostenible.org\/eng\/?page_id=49"},"modified":"2019-01-22T20:29:16","modified_gmt":"2019-01-22T20:29:16","slug":"publications","status":"publish","type":"page","link":"https:\/\/premiolujosostenible.org\/eng\/publications\/","title":{"rendered":"Publications"},"content":{"rendered":"<div class=\"row\">\n<div class=\"span12\">\n<div class=\"how-we-can-help-wrap\">\n<figure class=\"thumbnail alignnone clearfix\">\n<div class=\"row-fluid\">\n<div class=\"clear\"><\/div>\n<p style=\"margin: 11px\"><span style=\"font-size: 11pt; color:#000000\"><b>Miguel Angel Gardetti<\/b> \u2013Director of the Center for Studies on Sustainable Luxury and Founder of the Sustainable Luxury Universe in Latin America Award- and <b>Mar\u00eda Eugenia Gir\u00f3n<\/b> (Director of the Observatorio de Productos y Servicios Premium, Madrid) edited two books based on the story of the \u201cPioneers in Sustainable Luxury.\u201d.<\/span><\/p>\n<p style=\"margin: 11px\"><span style=\"font-size: 11pt; color:#000000\">The first book titled <a href=\"https:\/\/www.routledge.com\/Sustainable-Luxury-and-Social-Entrepreneurship-Stories-from-the-Pioneers\/Gardetti-Giron\/p\/book\/9781783530632\" target=\"_blank\"><span style=\"color:#376092\"><b>\u00abSustainable Luxury and Entrepreneurship: Stories From the Pioneers\u00bb<\/b><\/span><\/a> was presented in July 2014 at the IE Business School with the participation of: <b>Oliver Wayman<\/b> \u2013co-founder and director, BottleTop (United Kingdom)-, <b>Kresse Wesling<\/b> \u2013co-founder, Elvis &#038; Kresse (United Kingdom)-, <b>Mar\u00eda Eugenia Gir\u00f3n<\/b> \u2013Director, the Observatorio de Productos y Servicios Premium at the IE Business School-, <b>Miguel Angel Gardetti<\/b> -founder and director, the Award for Sustainable Luxury in Latin America-, <b>Alberto Bravo Reyes<\/b> and <b>Mar\u00eda Jos\u00e9 Mar\u00edn<\/b> \u2013 founders, \u201cWe are Knitters\u201d (Spain)-, and <b>Daniel Joutard<\/b> \u2013Founder and CEO, A\u00efny (France).<\/span><\/p>\n<p style=\"margin: 0px\"><span style=\"font-size: 11pt; color:#000000\"><img decoding=\"async\" class=\"alignleft\" src=\"https:\/\/premiolujosostenible.org\/esp\/wp-content\/uploads\/2017\/12\/img025.jpg\" \/><img decoding=\"async\" class=\"alignright\" src=\"https:\/\/premiolujosostenible.org\/esp\/wp-content\/uploads\/2017\/12\/img026.jpg\" \/><\/span><\/p>\n<p style=\"margin: 11px\"><span style=\"font-size: 11pt; color:#fff\">.&nbsp;.<\/span><\/p>\n<p style=\"margin: 11px;\"><span style=\"font-size: 11pt; color:#000000\">And the second book titled <a href=\"https:\/\/www.routledge.com\/Sustainable-Luxury-and-Social-Entrepreneurship-Volume-II-More-Stories\/Gardetti-Giron\/p\/book\/9781783533565\" target=\"_blank\"><span style=\"color:#376092\"><b>\u00abSustainable Luxury and Entrepreneurship \u2013 Volumen II: More Stories From the Pioneers\u00bb<\/b><\/span><\/a> was also presented at the IE Business School in June 2016.  One of the pictures depicts the editors and pioneers (from left to right): <b>Alan Frampton<\/b> \u2013CEO, CRED Jewellery (UK)-, <b>Miguel Angel Gardetti<\/b> -founder and director, Award for Sustainable Luxury in Latin America-, <b>Gu\u00f0run R\u00f3gvad\u00f3ttir<\/b> \u2013founder and director, Gu\u00f0run &#038; Gu\u00f0run (Faroe Islands)-. <b>Mar\u00eda Eugenia Gir\u00f3n<\/b> \u2013Director, the Observatorio de Productos y Servicios Premium at the IE Business School-, <b>Rachida Justo<\/b> \u2013teacher of entrepreneurship at IE Business School-, and <b>Lasse Gustavsson<\/b> \u2013European Director, OCEANA.<\/span><\/p>\n<p style=\"margin: 0px\"><span style=\"font-size: 11pt; color:#000000\"><img decoding=\"async\" class=\"alignleft\" src=\"https:\/\/premiolujosostenible.org\/esp\/wp-content\/uploads\/2017\/12\/img027.jpg\" \/><img decoding=\"async\" class=\"alignright\" src=\"https:\/\/premiolujosostenible.org\/esp\/wp-content\/uploads\/2017\/12\/img028.jpg\" \/><\/span><\/p>\n<p style=\"margin: 11px\"><span style=\"font-size: 11pt; color:#000000\">&nbsp;<\/span><\/p>\n<\/div>\n<\/figure>\n<\/div>\n<\/div>\n<\/div>\n","protected":false},"excerpt":{"rendered":"<p>Miguel Angel Gardetti \u2013Director of the Center for Studies on Sustainable Luxury and Founder of the Sustainable Luxury Universe in Latin America Award- and Mar\u00eda Eugenia Gir\u00f3n (Director of the Observatorio de Productos y Servicios Premium, Madrid) edited two books based on the story of the \u201cPioneers in Sustainable Luxury.\u201d. The first book titled \u00abSustainable Luxury and Entrepreneurship: Stories From&nbsp;<a href=\"https:\/\/premiolujosostenible.org\/eng\/publications\/\" class=\"read-more\">Seguir leyendo<\/a><\/p>\n","protected":false},"author":2,"featured_media":0,"parent":0,"menu_order":0,"comment_status":"closed","ping_status":"closed","template":"page-fullwidth.php","meta":{"footnotes":""},"class_list":["post-49","page","type-page","status-publish","hentry"],"_links":{"self":[{"href":"https:\/\/premiolujosostenible.org\/eng\/wp-json\/wp\/v2\/pages\/49","targetHints":{"allow":["GET"]}}],"collection":[{"href":"https:\/\/premiolujosostenible.org\/eng\/wp-json\/wp\/v2\/pages"}],"about":[{"href":"https:\/\/premiolujosostenible.org\/eng\/wp-json\/wp\/v2\/types\/page"}],"author":[{"embeddable":true,"href":"https:\/\/premiolujosostenible.org\/eng\/wp-json\/wp\/v2\/users\/2"}],"replies":[{"embeddable":true,"href":"https:\/\/premiolujosostenible.org\/eng\/wp-json\/wp\/v2\/comments?post=49"}],"version-history":[{"count":4,"href":"https:\/\/premiolujosostenible.org\/eng\/wp-json\/wp\/v2\/pages\/49\/revisions"}],"predecessor-version":[{"id":153,"href":"https:\/\/premiolujosostenible.org\/eng\/wp-json\/wp\/v2\/pages\/49\/revisions\/153"}],"wp:attachment":[{"href":"https:\/\/premiolujosostenible.org\/eng\/wp-json\/wp\/v2\/media?parent=49"}],"curies":[{"name":"wp","href":"https:\/\/api.w.org\/{rel}","templated":true}]}}